{"id":2021,"date":"2018-10-04T11:58:29","date_gmt":"2018-10-04T11:58:29","guid":{"rendered":"http:\/\/grupovna.com\/?post_type=product&#038;p=2021"},"modified":"2025-08-29T09:19:51","modified_gmt":"2025-08-29T09:19:51","slug":"rgpd","status":"publish","type":"product","link":"https:\/\/grupovna.com\/index.php\/product\/rgpd\/","title":{"rendered":"Auxiliar en Farmacia"},"content":{"rendered":"<p>Este curso de Auxiliar en Farmacia y Parafarmacia otorga al alumno una formaci\u00f3n de excelencia en el \u00e1mbito farmac\u00e9utico.<\/p>\n","protected":false},"excerpt":{"rendered":"<p>Este curso de Auxiliar en Farmacia y Parafarmacia otorga al alumno una formaci\u00f3n de excelencia en el \u00e1mbito farmac\u00e9utico.<\/p>\n","protected":false},"featured_media":2230,"comment_status":"open","ping_status":"closed","template":"","meta":[],"yoast_head":"<!-- This site is optimized with the Yoast SEO plugin v15.6.2 - https:\/\/yoast.com\/wordpress\/plugins\/seo\/ -->\n<title>Auxiliar en Farmacia - GRUPO VNA LEVANTE<\/title>\n<meta name=\"robots\" content=\"index, follow, max-snippet:-1, max-image-preview:large, max-video-preview:-1\" \/>\n<link rel=\"canonical\" href=\"https:\/\/grupovna.com\/index.php\/product\/rgpd\/\" \/>\n<meta property=\"og:locale\" content=\"es_ES\" \/>\n<meta property=\"og:type\" content=\"article\" \/>\n<meta property=\"og:title\" content=\"Auxiliar en Farmacia - GRUPO VNA LEVANTE\" \/>\n<meta property=\"og:description\" content=\"Este curso de Auxiliar en Farmacia y Parafarmacia otorga al alumno una formaci\u00f3n de excelencia en el \u00e1mbito farmac\u00e9utico.\" \/>\n<meta property=\"og:url\" content=\"https:\/\/grupovna.com\/index.php\/product\/rgpd\/\" \/>\n<meta property=\"og:site_name\" content=\"GRUPO VNA LEVANTE\" \/>\n<meta property=\"article:modified_time\" content=\"2025-08-29T09:19:51+00:00\" \/>\n<meta property=\"og:image\" content=\"https:\/\/grupovna.com\/wp-content\/uploads\/2018\/10\/img-3.jpg\" \/>\n\t<meta property=\"og:image:width\" content=\"360\" \/>\n\t<meta property=\"og:image:height\" content=\"240\" \/>\n<meta name=\"twitter:card\" content=\"summary_large_image\" \/>\n<script type=\"application\/ld+json\" class=\"yoast-schema-graph\">{\"@context\":\"https:\/\/schema.org\",\"@graph\":[{\"@type\":\"WebSite\",\"@id\":\"https:\/\/grupovna.com\/#website\",\"url\":\"https:\/\/grupovna.com\/\",\"name\":\"GRUPO VNA LEVANTE\",\"description\":\"Pymes, Autonomos, Universitarios, Formaci\\u00f3n Online\",\"potentialAction\":[{\"@type\":\"SearchAction\",\"target\":\"https:\/\/grupovna.com\/?s={search_term_string}\",\"query-input\":\"required name=search_term_string\"}],\"inLanguage\":\"es\"},{\"@type\":\"ImageObject\",\"@id\":\"https:\/\/grupovna.com\/index.php\/product\/rgpd\/#primaryimage\",\"inLanguage\":\"es\",\"url\":\"https:\/\/grupovna.com\/wp-content\/uploads\/2018\/10\/img-3.jpg\",\"width\":360,\"height\":240},{\"@type\":\"WebPage\",\"@id\":\"https:\/\/grupovna.com\/index.php\/product\/rgpd\/#webpage\",\"url\":\"https:\/\/grupovna.com\/index.php\/product\/rgpd\/\",\"name\":\"Auxiliar en Farmacia - GRUPO VNA LEVANTE\",\"isPartOf\":{\"@id\":\"https:\/\/grupovna.com\/#website\"},\"primaryImageOfPage\":{\"@id\":\"https:\/\/grupovna.com\/index.php\/product\/rgpd\/#primaryimage\"},\"datePublished\":\"2018-10-04T11:58:29+00:00\",\"dateModified\":\"2025-08-29T09:19:51+00:00\",\"inLanguage\":\"es\",\"potentialAction\":[{\"@type\":\"ReadAction\",\"target\":[\"https:\/\/grupovna.com\/index.php\/product\/rgpd\/\"]}]}]}<\/script>\n<!-- \/ Yoast SEO plugin. -->","_links":{"self":[{"href":"https:\/\/grupovna.com\/index.php\/wp-json\/wp\/v2\/product\/2021"}],"collection":[{"href":"https:\/\/grupovna.com\/index.php\/wp-json\/wp\/v2\/product"}],"about":[{"href":"https:\/\/grupovna.com\/index.php\/wp-json\/wp\/v2\/types\/product"}],"replies":[{"embeddable":true,"href":"https:\/\/grupovna.com\/index.php\/wp-json\/wp\/v2\/comments?post=2021"}],"wp:featuredmedia":[{"embeddable":true,"href":"https:\/\/grupovna.com\/index.php\/wp-json\/wp\/v2\/media\/2230"}],"wp:attachment":[{"href":"https:\/\/grupovna.com\/index.php\/wp-json\/wp\/v2\/media?parent=2021"}],"curies":[{"name":"wp","href":"https:\/\/api.w.org\/{rel}","templated":true}]}}