{"id":2552,"date":"2021-01-25T09:00:39","date_gmt":"2021-01-25T09:00:39","guid":{"rendered":"https:\/\/grupovna.com\/?page_id=2552"},"modified":"2021-01-25T10:26:15","modified_gmt":"2021-01-25T10:26:15","slug":"universidad-2","status":"publish","type":"page","link":"https:\/\/grupovna.com\/index.php\/universidad-2\/","title":{"rendered":"UNIVERSIDAD"},"content":{"rendered":"<p>[vc_row css=&#8221;.vc_custom_1611565558264{background-image: url(https:\/\/grupovna.com\/wp-content\/uploads\/2020\/05\/servicios-marketing-online-aumentar-ventas.jpg?id=2548) !important;}&#8221;][vc_column][vc_column_text]<\/p>\n<h2 class=\"elementor-heading-title elementor-size-default\" style=\"text-align: center;\"><span style=\"color: #ffffff;\"><strong>\u00bfPor qu\u00e9 comprar el TFG o TFM?<\/strong><\/span><\/h2>\n<p>[\/vc_column_text][vc_empty_space][\/vc_column][\/vc_row][vc_row][vc_column width=&#8221;1\/4&#8243;][vc_column_text]<\/p>\n<h3>Tiempo<\/h3>\n<p>F<strong>alta de tiempo<\/strong>&nbsp;debido a tener que compaginar los estudios con un trabajo que te permita pagar las&nbsp;<strong>cada vez m\u00e1s caras matr\u00edculas<\/strong>.[\/vc_column_text][\/vc_column][vc_column width=&#8221;1\/4&#8243;][vc_column_text]<\/p>\n<h3>Problemas<\/h3>\n<p><strong>Problemas familiares<\/strong>&nbsp;que te imposibilitan el dedicar el tiempo necesario a la elaboraci\u00f3n de un trabajo que, por otra parte, no aporta demasiado a tu formaci\u00f3n.[\/vc_column_text][\/vc_column][vc_column width=&#8221;1\/4&#8243;][vc_column_text]<\/p>\n<h3>Desidia<\/h3>\n<p>Desidia por parte de unos tutores universitarios que se ven sobrepasados en sus funciones y no pueden ofrecer la atenci\u00f3n que todos los estudiantes requieren.[\/vc_column_text][\/vc_column][vc_column width=&#8221;1\/4&#8243;][vc_column_text]<\/p>\n<h3>Otros Motivos<\/h3>\n<p>O cualquier otra particularidad que te obliga a tener que recurrir a alguien que pueda ofrecerte la ayuda que necesitas para la consecuci\u00f3n de objetivo acad\u00e9mico sobre el que tan s\u00f3lo se interpone la superaci\u00f3n de este tr\u00e1mite.[\/vc_column_text][\/vc_column][\/vc_row][vc_row css=&#8221;.vc_custom_1611565678390{background-image: url(https:\/\/grupovna.com\/wp-content\/uploads\/2020\/05\/servicios-marketing-online-aumentar-ventas.jpg?id=2548) !important;}&#8221;][vc_column][vc_column_text]<\/p>\n<h3 style=\"text-align: center;\"><span style=\"color: #ffffff;\"><strong>PODR\u00c1S TENER TU TFG O TFM SIGUIENDO ESTOS 6 PASOS<\/strong><\/span><\/h3>\n<p>[\/vc_column_text][\/vc_column][\/vc_row][vc_row][vc_column][vc_column_text]<img loading=\"lazy\" class=\"aligncenter wp-image-2554 size-full\" src=\"https:\/\/grupovna.com\/wp-content\/uploads\/2021\/01\/modelo-1024x270-1.png\" alt=\"\" width=\"1024\" height=\"270\">[\/vc_column_text][\/vc_column][\/vc_row][vc_row][vc_column][vc_column_text]<\/p>\n<h2 style=\"text-align: center;\"><strong>SOMOS UN CENTRO DE FORMACI\u00d3N PRESENCIAL Y ONLINE<\/strong><\/h2>\n<p>[\/vc_column_text][\/vc_column][\/vc_row][vc_row][vc_column width=&#8221;1\/3&#8243;][vc_column_text]<img loading=\"lazy\" class=\"size-medium wp-image-2555 aligncenter\" src=\"https:\/\/grupovna.com\/wp-content\/uploads\/2021\/01\/1-300x203.jpg\" alt=\"\" width=\"300\" height=\"203\"><\/p>\n<h6 class=\"vc_custom_heading font-weight-bold vc_custom_1551901960693\" style=\"text-align: center;\">Grupos Reducidos<\/h6>\n<div class=\"wpb_text_column wpb_content_element vc_custom_1551902064883\">\n<div class=\"wpb_wrapper\">\n<p style=\"text-align: center;\">Resolvemos tus dudas de forma individual o en grupos muy reducidos.<\/p>\n<\/div>\n<\/div>\n<p>[\/vc_column_text][\/vc_column][vc_column width=&#8221;1\/3&#8243;][vc_column_text]<img loading=\"lazy\" class=\"size-medium wp-image-2556 aligncenter\" src=\"https:\/\/grupovna.com\/wp-content\/uploads\/2021\/01\/2-300x203.jpg\" alt=\"\" width=\"300\" height=\"203\"><\/p>\n<h6 class=\"vc_custom_heading font-weight-bold vc_custom_1551901995820\" style=\"text-align: center;\">Tutor\u00edas Informativas<\/h6>\n<div class=\"wpb_text_column wpb_content_element vc_custom_1551902103875\">\n<div class=\"wpb_wrapper\">\n<p style=\"text-align: center;\">Impartimos tutor\u00edas informativas sobre como preparar y afrontar tu TFG.<\/p>\n<\/div>\n<\/div>\n<p>[\/vc_column_text][\/vc_column][vc_column width=&#8221;1\/3&#8243;][vc_column_text]<img loading=\"lazy\" class=\"size-medium wp-image-2557 aligncenter\" src=\"https:\/\/grupovna.com\/wp-content\/uploads\/2021\/01\/3-300x203.jpg\" alt=\"\" width=\"300\" height=\"203\"><\/p>\n<h6 class=\"vc_custom_heading font-weight-bold vc_custom_1551902022164\" style=\"text-align: center;\">Sala de Exposici\u00f3n<\/h6>\n<div class=\"wpb_text_column wpb_content_element vc_custom_1551902135663\">\n<div class=\"wpb_wrapper\">\n<p style=\"text-align: center;\">Simulamos la Defensa de tu TFG para que practiques con nosotros.<\/p>\n<\/div>\n<\/div>\n<p>[\/vc_column_text][\/vc_column][\/vc_row][vc_row css=&#8221;.vc_custom_1611566216503{background-image: url(https:\/\/grupovna.com\/wp-content\/uploads\/2020\/05\/servicios-marketing-online-aumentar-ventas.jpg?id=2548) !important;}&#8221;][vc_column][vc_column_text]<\/p>\n<h2 class=\"bread-title\" style=\"text-align: center;\"><span style=\"color: #ffffff;\">\u00bfC\u00d3MO TRABAJAMOS?<\/span><\/h2>\n<p>[\/vc_column_text][\/vc_column][\/vc_row][vc_row full_width=&#8221;stretch_row_content&#8221; content_placement=&#8221;top&#8221;][vc_column css=&#8221;.vc_custom_1539254795181{background-position: center !important;background-repeat: no-repeat !important;background-size: cover !important;}&#8221;][vc_empty_space height=&#8221;25&#8243; el_class=&#8221;hidden-xs hidden-sm hidden-md&#8221;][vc_tta_tabs style=&#8221;modern&#8221; shape=&#8221;round&#8221; color=&#8221;green&#8221; alignment=&#8221;center&#8221; active_section=&#8221;1&#8243; css=&#8221;.vc_custom_1539269442315{background-position: center !important;background-repeat: no-repeat !important;background-size: contain !important;}&#8221;][vc_tta_section i_icon_fontawesome=&#8221;fa fa-pencil-square-o&#8221; add_icon=&#8221;true&#8221; title=&#8221;Presupuesto&#8221; tab_id=&#8221;1512095535641-7a309750-8cfb&#8221;][vc_row_inner][vc_column_inner][vc_empty_space height=&#8221;40&#8243; el_class=&#8221;hidden-sm hidden-xs hidden-md&#8221;][vc_empty_space height=&#8221;40&#8243;][\/vc_column_inner][\/vc_row_inner][vc_row_inner css=&#8221;.vc_custom_1539256834577{padding-left: 200px !important;}&#8221;][vc_column_inner el_class=&#8221;mobile-padding-0&#8243; width=&#8221;1\/2&#8243; css=&#8221;.vc_custom_1539254590954{padding-right: 50px !important;padding-left: 250px !important;}&#8221;][vc_column_text]<\/p>\n<h5><strong>SOLICITA TU PRESUPUESTO (<em>sin compromiso<\/em>)<\/strong><\/h5>\n<p align=\"justify\">Para solicitar nuestros servicios, lo primero que debes hacer es rellenar el formulario de presupuesto detallando cada uno de los campos, haciendo clic aqu\u00ed.<\/p>\n<p align=\"justify\">Nuestros asesores se pondr\u00e1n en contacto contigo para confirmar tu solicitud y aclarar cualquier duda que nos pueda surgir, con el fin de poder valorar tu Trabajo correctamente.<\/p>\n<p align=\"justify\">Recuerda que siempre podr\u00e1s contactarnos por el formulario de contacto, por tel\u00e9fono, por correo electr\u00f3nico o por WhatsApp. El contacto contigo siempre ser\u00e1 confidencial y siempre nos referiremos a ti con por tu correo electr\u00f3nico.<\/p>\n<p align=\"justify\">Trabajamos en toda Espa\u00f1a bajo la modalidad online, con una red de docentes especializados en diferentes ramas del conocimiento repartidos por todas las provincias espa\u00f1olas.<\/p>\n<p>[\/vc_column_text][vc_empty_space height=&#8221;24&#8243;][\/vc_column_inner][vc_column_inner width=&#8221;1\/2&#8243; css=&#8221;.vc_custom_1539254628483{padding-right: 50px !important;}&#8221;][vc_single_image image=&#8221;1304&#8243; img_size=&#8221;400&#215;350&#8243;][\/vc_column_inner][\/vc_row_inner][\/vc_tta_section][vc_tta_section i_icon_fontawesome=&#8221;fa fa-credit-card&#8221; add_icon=&#8221;true&#8221; title=&#8221;Pago&#8221; tab_id=&#8221;1512111365920-9367e4a1-eafa&#8221;][vc_row_inner][vc_column_inner][vc_empty_space height=&#8221;40&#8243; el_class=&#8221;hidden-sm hidden-xs hidden-md&#8221;][vc_empty_space height=&#8221;40&#8243;][\/vc_column_inner][\/vc_row_inner][vc_row_inner css=&#8221;.vc_custom_1539257696857{padding-left: 200px !important;}&#8221;][vc_column_inner el_class=&#8221;mobile-padding-0&#8243; width=&#8221;1\/2&#8243; css=&#8221;.vc_custom_1539257734951{padding-right: 50px !important;padding-left: 250px !important;}&#8221;][vc_column_text]<\/p>\n<h5>REALIZA EL PAGO DESDE LA COMODIDAD DE TU CASA<\/h5>\n<p align=\"justify\">En menos de 24 horas te enviaremos tu presupuesto, donde te indicaremos el importe que deber\u00e1s abonar para que nuestros docentes comiencen a trabajar en tu Proyecto.<\/p>\n<p align=\"justify\">Si est\u00e1s de acuerdo con el presupuesto que te proponemos,&nbsp;podr\u00e1s realizar el 1\u00ba pago por transferencia bancaria, PayPal o por nuestra web. De todas maneras, en el correo electr\u00f3nico que te enviaremos con tu presupuesto, te indicaremos los datos bancarios y toda la informaci\u00f3n que necesitas para realizarlo sin contratiempos.<\/p>\n<p align=\"justify\">El pago de tu Proyecto es a plazos: con cada entrega, te solicitaremos el abono de la siguiente, as\u00ed podr\u00e1s seguir el avance de tu Proyecto \u00a1sin sorpresas!<\/p>\n<p>[\/vc_column_text][vc_empty_space height=&#8221;40&#8243;][vc_empty_space height=&#8221;40&#8243; el_class=&#8221;hidden-xs hidden-sm hidden-md&#8221;][\/vc_column_inner][vc_column_inner width=&#8221;1\/2&#8243; css=&#8221;.vc_custom_1539257719446{padding-right: 50px !important;}&#8221;][vc_single_image image=&#8221;2136&#8243; img_size=&#8221;400&#215;350&#8243;][\/vc_column_inner][\/vc_row_inner][\/vc_tta_section][vc_tta_section i_icon_fontawesome=&#8221;u-icons-book2&#8243; add_icon=&#8221;true&#8221; title=&#8221;Correcciones&#8221; tab_id=&#8221;1512095535723-c95b82ba-9e5a&#8221;][vc_row_inner][vc_column_inner][vc_empty_space height=&#8221;40&#8243;][vc_empty_space height=&#8221;40&#8243; el_class=&#8221;hidden-sm hidden-xs hidden-md&#8221;][\/vc_column_inner][\/vc_row_inner][vc_row_inner css=&#8221;.vc_custom_1539259378829{padding-left: 200px !important;}&#8221;][vc_column_inner el_class=&#8221;mobile-padding-0&#8243; width=&#8221;1\/2&#8243; css=&#8221;.vc_custom_1539259404812{padding-right: 50px !important;padding-left: 250px !important;}&#8221;][vc_column_text]<\/p>\n<h5>ENTREGAS PARCIALES, CORRECCIONES INCLUIDAS<\/h5>\n<p align=\"justify\">Antes de comenzar a trabajar en tu Proyecto, el docente acordar\u00e1 contigo varias entregas parciales, as\u00ed podr\u00e1s ir midiendo el avance y realizar las correcciones que sean necesarias para poder terminar tu Proyecto con \u00e9xito.<\/p>\n<p align=\"justify\">Estas correcciones est\u00e1n incluidas en el presupuesto inicial, por lo que podr\u00e1s estar tranquil@ que no tendr\u00e1s que hacer ning\u00fan pago adicional.<\/p>\n<p>[\/vc_column_text][vc_empty_space height=&#8221;40&#8243;][vc_empty_space height=&#8221;40&#8243; el_class=&#8221;hidden-sm hidden-xs hidden-md&#8221;][\/vc_column_inner][vc_column_inner width=&#8221;1\/2&#8243; css=&#8221;.vc_custom_1539259420125{padding-right: 50px !important;}&#8221;][vc_single_image image=&#8221;1691&#8243; img_size=&#8221;400&#215;350&#8243;][\/vc_column_inner][\/vc_row_inner][\/vc_tta_section][vc_tta_section i_icon_fontawesome=&#8221;fa fa-graduation-cap&#8221; add_icon=&#8221;true&#8221; title=&#8221;Entrega&#8221; tab_id=&#8221;1512111575320-c2626fd5-2e93&#8243;][vc_row_inner][vc_column_inner][vc_empty_space height=&#8221;40&#8243; el_class=&#8221;hidden-sm hidden-xs hidden-md&#8221;][vc_empty_space height=&#8221;40&#8243;][\/vc_column_inner][\/vc_row_inner][vc_row_inner css=&#8221;.vc_custom_1539266009450{padding-left: 200px !important;}&#8221;][vc_column_inner el_class=&#8221;mobile-padding-0&#8243; width=&#8221;1\/2&#8243; css=&#8221;.vc_custom_1539265883524{padding-right: 50px !important;padding-left: 250px !important;}&#8221;][vc_column_text]<\/p>\n<h5>YA ESTAS PREPARAD@ PARA HACER LA ENTREGA DE TU PROYECTO<\/h5>\n<p align=\"justify\">Al finalizar tu Proyecto y cumpliendo con los plazos acordados, te enviaremos la Entrega Final junto con el Reporte de plagio, para que puedas estar segur@ que tu Trabajo es original y no te dar\u00e1 problemas a la hora de entregarlo.<\/p>\n<p align=\"justify\">Pero aqu\u00ed no acaba todo, como sabemos que tendr\u00e1s que enfrentarte a un tribunal que evaluar\u00e1 tu Trabajo Final, tambi\u00e9n podemos ayudarte con la Presentaci\u00f3n de tu Proyecto, ya sea en Power Point, Prezi o cualquier otro formato de presentaci\u00f3n que te guste, y te hacemos un resumen con los puntos m\u00e1s relevantes para que des en el clavo y <strong>\u00a1cierres con broche de&nbsp; oro!<\/strong><\/p>\n<p>[\/vc_column_text][vc_empty_space height=&#8221;40&#8243;][vc_empty_space height=&#8221;40&#8243; el_class=&#8221;hidden-xs hidden-sm hidden-md&#8221;][\/vc_column_inner][vc_column_inner width=&#8221;1\/2&#8243; css=&#8221;.vc_custom_1539265900613{padding-right: 50px !important;}&#8221;][vc_single_image image=&#8221;1566&#8243; img_size=&#8221;400&#215;350&#8243;][\/vc_column_inner][\/vc_row_inner][\/vc_tta_section][\/vc_tta_tabs][\/vc_column][\/vc_row][vc_row full_width=&#8221;stretch_row&#8221; parallax=&#8221;content-moving&#8221;][\/vc_row][vc_column][vc_column_text]<\/p>\n<h1 style=\"text-align: center;\"><span style=\"color: #000000;\">PRESUPUESTO<\/span><\/h1>\n<p>[\/vc_column_text][\/vc_column][vc_column_text][\/vc_column_text]<div role=\"form\" class=\"wpcf7\" id=\"wpcf7-f2103-o1\" lang=\"es-ES\" dir=\"ltr\">\n<div class=\"screen-reader-response\"><p role=\"status\" aria-live=\"polite\" aria-atomic=\"true\"><\/p> <ul><\/ul><\/div>\n<form action=\"\/index.php\/wp-json\/wp\/v2\/pages\/2552#wpcf7-f2103-o1\" method=\"post\" class=\"wpcf7-form init\" enctype=\"multipart\/form-data\" novalidate=\"novalidate\" data-status=\"init\">\n<div style=\"display: none;\">\n<input type=\"hidden\" name=\"_wpcf7\" value=\"2103\" \/>\n<input type=\"hidden\" name=\"_wpcf7_version\" value=\"5.3.2\" \/>\n<input type=\"hidden\" name=\"_wpcf7_locale\" value=\"es_ES\" \/>\n<input type=\"hidden\" name=\"_wpcf7_unit_tag\" value=\"wpcf7-f2103-o1\" \/>\n<input type=\"hidden\" name=\"_wpcf7_container_post\" value=\"0\" \/>\n<input type=\"hidden\" name=\"_wpcf7_posted_data_hash\" value=\"\" \/>\n<\/div>\n<div class=\"row\">\n<div class=\"col-sm-12\">\n\t       <span class=\"wpcf7-form-control-wrap text-819\"><input type=\"text\" name=\"text-819\" value=\"\" size=\"40\" class=\"wpcf7-form-control wpcf7-text wpcf7-validates-as-required form-control\" aria-required=\"true\" aria-invalid=\"false\" placeholder=\"Nombre \/ Nick*\" \/><\/span>\n\t<\/div>\n<div class=\"col-sm-6\">\n                <span class=\"wpcf7-form-control-wrap email-289\"><input type=\"email\" name=\"email-289\" value=\"\" size=\"40\" class=\"wpcf7-form-control wpcf7-text wpcf7-email wpcf7-validates-as-required wpcf7-validates-as-email form-control\" aria-required=\"true\" aria-invalid=\"false\" placeholder=\"E-mail*\" \/><\/span>\n\t<\/div>\n<div class=\"col-sm-6\">\n                <span class=\"wpcf7-form-control-wrap tel-761\"><input type=\"tel\" name=\"tel-761\" value=\"\" size=\"40\" class=\"wpcf7-form-control wpcf7-text wpcf7-tel wpcf7-validates-as-tel form-control\" aria-invalid=\"false\" placeholder=\"Tel\u00e9fono*\" \/><\/span>\n\t<\/div>\n<div class=\"col-sm-6\">\n                <span class=\"wpcf7-form-control-wrap horario\"><select name=\"horario\" class=\"wpcf7-form-control wpcf7-select wpcf7-validates-as-required\" aria-required=\"true\" aria-invalid=\"false\"><option value=\"Horario de contacto\">Horario de contacto<\/option><option value=\"De ma\u00f1ana 9:00-13:00\">De ma\u00f1ana 9:00-13:00<\/option><option value=\"Medio d\u00eda 13:00-17:00\">Medio d\u00eda 13:00-17:00<\/option><option value=\"Tarde 17:00-20:00\">Tarde 17:00-20:00<\/option><\/select><\/span>\n\t<\/div>\n<div class=\"col-sm-6\">\n               <span class=\"wpcf7-form-control-wrap universidad\"><input type=\"text\" name=\"universidad\" value=\"\" size=\"40\" class=\"wpcf7-form-control wpcf7-text wpcf7-validates-as-required form-control\" aria-required=\"true\" aria-invalid=\"false\" placeholder=\"Universidad*\" \/><\/span>\n\t<\/div>\n<div class=\"col-sm-6\">\n                <span class=\"wpcf7-form-control-wrap carrera\"><input type=\"text\" name=\"carrera\" value=\"\" size=\"40\" class=\"wpcf7-form-control wpcf7-text wpcf7-validates-as-required form-control\" aria-required=\"true\" aria-invalid=\"false\" placeholder=\"Carrera*\" \/><\/span>\n\t<\/div>\n<div class=\"col-sm-6\">\n                 <span class=\"wpcf7-form-control-wrap Rama\"><input type=\"text\" name=\"Rama\" value=\"\" size=\"40\" class=\"wpcf7-form-control wpcf7-text wpcf7-validates-as-required form-control\" aria-required=\"true\" aria-invalid=\"false\" placeholder=\"Rama y Tema*\" \/><\/span>\n\t<\/div>\n<div class=\"col-sm-6\">\n<span>Fecha de inicio<\/span><br \/>\n                 <span class=\"wpcf7-form-control-wrap fechainicio\"><input type=\"date\" name=\"fechainicio\" value=\"\" class=\"wpcf7-form-control wpcf7-date wpcf7-validates-as-required wpcf7-validates-as-date form-control\" aria-required=\"true\" aria-invalid=\"false\" placeholder=\"Fecha inicio*\" \/><\/span>\n\t<\/div>\n<div class=\"col-sm-6\">\n<span>Fecha final<\/span><br \/>\n                 <span class=\"wpcf7-form-control-wrap fechafinal\"><input type=\"date\" name=\"fechafinal\" value=\"\" class=\"wpcf7-form-control wpcf7-date wpcf7-validates-as-required wpcf7-validates-as-date form-control\" aria-required=\"true\" aria-invalid=\"false\" placeholder=\"Fecha final*\" \/><\/span>\n\t<\/div>\n<div class=\"col-sm-6\">\n        <span class=\"wpcf7-form-control-wrap paginas\"><input type=\"number\" name=\"paginas\" value=\"\" class=\"wpcf7-form-control wpcf7-number wpcf7-validates-as-number form-control\" aria-invalid=\"false\" placeholder=\"N\u00famero de p\u00e1ginas del proyecto\" \/><\/span>\n\t<\/div>\n<div class=\"col-sm-6\">\n                <span class=\"wpcf7-form-control-wrap documento\"><select name=\"documento\" class=\"wpcf7-form-control wpcf7-select wpcf7-validates-as-required\" aria-required=\"true\" aria-invalid=\"false\"><option value=\"Trabajo Final de Grado\">Trabajo Final de Grado<\/option><option value=\"Trabajo Final de M\u00e1ster\">Trabajo Final de M\u00e1ster<\/option><option value=\"Proyecto Final de Carrera\">Proyecto Final de Carrera<\/option><option value=\"Tesis Doctoral\">Tesis Doctoral<\/option><option value=\"Ciclo\">Ciclo<\/option><option value=\"Otros\">Otros<\/option><\/select><\/span>\n\t<\/div>\n<div class=\"col-sm-4\">\n                <span class=\"wpcf7-form-control-wrap bibliografia\"><select name=\"bibliografia\" class=\"wpcf7-form-control wpcf7-select wpcf7-validates-as-required\" aria-required=\"true\" aria-invalid=\"false\"><option value=\"Bibliograf\u00eda\">Bibliograf\u00eda<\/option><option value=\"Apa\">Apa<\/option><option value=\"Vancouver\">Vancouver<\/option><option value=\"Harvard\">Harvard<\/option><option value=\"Chicago\">Chicago<\/option><option value=\"Otros\">Otros<\/option><\/select><\/span>\n\t<\/div>\n<div class=\"col-sm-4\">\n                <span class=\"wpcf7-form-control-wrap tutorizado\"><select name=\"tutorizado\" class=\"wpcf7-form-control wpcf7-select\" aria-invalid=\"false\"><option value=\"Trabajo tutorizado\">Trabajo tutorizado<\/option><option value=\"Si\">Si<\/option><option value=\"No\">No<\/option><\/select><\/span>\n\t<\/div>\n<div class=\"col-sm-4\">\n                <span class=\"wpcf7-form-control-wrap docente\"><select name=\"docente\" class=\"wpcf7-form-control wpcf7-select wpcf7-validates-as-required\" aria-required=\"true\" aria-invalid=\"false\"><option value=\"\u00bfTienes gu\u00eda docente?\">\u00bfTienes gu\u00eda docente?<\/option><option value=\"Si\">Si<\/option><option value=\"No\">No<\/option><\/select><\/span>\n\t<\/div>\n<div class=\"col-sm-12\">\n                <span class=\"wpcf7-form-control-wrap textarea-984\"><textarea name=\"textarea-984\" cols=\"40\" rows=\"10\" class=\"wpcf7-form-control wpcf7-textarea wpcf7-validates-as-required form-control\" aria-required=\"true\" aria-invalid=\"false\" placeholder=\"Descripci\u00f3n breve del proyecto*\"><\/textarea><\/span>\n\t<\/div>\n<div class=\"col-sm-6\">\n                <span class=\"wpcf7-form-control-wrap datos\"><select name=\"datos\" class=\"wpcf7-form-control wpcf7-select wpcf7-validates-as-required\" aria-required=\"true\" aria-invalid=\"false\"><option value=\"Datos adjuntos\">Datos adjuntos<\/option><option value=\"Gu\u00eda Docente\">Gu\u00eda Docente<\/option><option value=\"Documentos\">Documentos<\/option><option value=\"Apuntes\">Apuntes<\/option><option value=\"Otros\">Otros<\/option><\/select><\/span>\n\t<\/div>\n<div class=\"col-sm-6\">\n                <span class=\"wpcf7-form-control-wrap file-615\"><input type=\"file\" name=\"file-615\" size=\"40\" class=\"wpcf7-form-control wpcf7-file\" accept=\".pdf,.zip,.doc,.docx,.xls\" aria-invalid=\"false\" \/><\/span><\/p><\/div>\n<\/div>\n<div class=\"submit\">\n<input type=\"submit\" value=\"Enviar\" class=\"wpcf7-form-control wpcf7-submit btn btn-theme\" \/>\n<\/div>\n<div class=\"wpcf7-response-output\" aria-hidden=\"true\"><\/div><\/form><\/div>\n","protected":false},"excerpt":{"rendered":"<p>[vc_row css=&#8221;.vc_custom_1611565558264{background-image: url(https:\/\/grupovna.com\/wp-content\/uploads\/2020\/05\/servicios-marketing-online-aumentar-ventas.jpg?id=2548) !important;}&#8221;][vc_column][vc_column_text] \u00bfPor qu\u00e9 comprar el TFG o TFM? [\/vc_column_text][vc_empty_space][\/vc_column][\/vc_row][vc_row][vc_column width=&#8221;1\/4&#8243;][vc_column_text] Tiempo Falta de tiempo&nbsp;debido a tener que compaginar los estudios con un trabajo que te permita pagar las&nbsp;cada vez m\u00e1s caras matr\u00edculas.[\/vc_column_text][\/vc_column][vc_column width=&#8221;1\/4&#8243;][vc_column_text] Problemas Problemas familiares&nbsp;que te imposibilitan el dedicar el tiempo necesario a la elaboraci\u00f3n de un trabajo que, por otra &hellip; <br \/><a href=\"https:\/\/grupovna.com\/index.php\/universidad-2\/\" class=\"more-link\">Continue reading <span class=\"screen-reader-text\">UNIVERSIDAD<\/span><\/a><\/p>\n","protected":false},"author":1,"featured_media":0,"parent":0,"menu_order":0,"comment_status":"closed","ping_status":"closed","template":"","meta":[],"yoast_head":"<!-- This site is optimized with the Yoast SEO plugin v15.6.2 - https:\/\/yoast.com\/wordpress\/plugins\/seo\/ -->\n<title>UNIVERSIDAD - GRUPO VNA LEVANTE<\/title>\n<meta name=\"description\" content=\"Somos un centro especializado en formaci\u00f3n presencial y online, ayudamos a miles de estudiantes universitarios con sus trabajos de TFG y TFM\" \/>\n<meta name=\"robots\" content=\"index, follow, max-snippet:-1, max-image-preview:large, max-video-preview:-1\" \/>\n<link rel=\"canonical\" href=\"https:\/\/grupovna.com\/index.php\/universidad-2\/\" \/>\n<meta property=\"og:locale\" content=\"es_ES\" \/>\n<meta property=\"og:type\" content=\"article\" \/>\n<meta property=\"og:title\" content=\"UNIVERSIDAD - GRUPO VNA LEVANTE\" \/>\n<meta property=\"og:description\" content=\"Somos un centro especializado en formaci\u00f3n presencial y online, ayudamos a miles de estudiantes universitarios con sus trabajos de TFG y TFM\" \/>\n<meta property=\"og:url\" content=\"https:\/\/grupovna.com\/index.php\/universidad-2\/\" \/>\n<meta property=\"og:site_name\" content=\"GRUPO VNA LEVANTE\" \/>\n<meta property=\"article:modified_time\" content=\"2021-01-25T10:26:15+00:00\" \/>\n<meta property=\"og:image\" content=\"https:\/\/grupovna.com\/wp-content\/uploads\/2021\/01\/modelo-1024x270-1.png\" \/>\n<meta name=\"twitter:card\" content=\"summary_large_image\" \/>\n<meta name=\"twitter:label1\" content=\"Tiempo de lectura\">\n\t<meta name=\"twitter:data1\" content=\"5 minutos\">\n<script type=\"application\/ld+json\" class=\"yoast-schema-graph\">{\"@context\":\"https:\/\/schema.org\",\"@graph\":[{\"@type\":\"WebSite\",\"@id\":\"https:\/\/grupovna.com\/#website\",\"url\":\"https:\/\/grupovna.com\/\",\"name\":\"GRUPO VNA LEVANTE\",\"description\":\"Pymes, Autonomos, Universitarios, Formaci\\u00f3n Online\",\"potentialAction\":[{\"@type\":\"SearchAction\",\"target\":\"https:\/\/grupovna.com\/?s={search_term_string}\",\"query-input\":\"required name=search_term_string\"}],\"inLanguage\":\"es\"},{\"@type\":\"ImageObject\",\"@id\":\"https:\/\/grupovna.com\/index.php\/universidad-2\/#primaryimage\",\"inLanguage\":\"es\",\"url\":\"https:\/\/grupovna.com\/wp-content\/uploads\/2021\/01\/modelo-1024x270-1.png\",\"width\":1024,\"height\":270},{\"@type\":\"WebPage\",\"@id\":\"https:\/\/grupovna.com\/index.php\/universidad-2\/#webpage\",\"url\":\"https:\/\/grupovna.com\/index.php\/universidad-2\/\",\"name\":\"UNIVERSIDAD - GRUPO VNA LEVANTE\",\"isPartOf\":{\"@id\":\"https:\/\/grupovna.com\/#website\"},\"primaryImageOfPage\":{\"@id\":\"https:\/\/grupovna.com\/index.php\/universidad-2\/#primaryimage\"},\"datePublished\":\"2021-01-25T09:00:39+00:00\",\"dateModified\":\"2021-01-25T10:26:15+00:00\",\"description\":\"Somos un centro especializado en formaci\\u00f3n presencial y online, ayudamos a miles de estudiantes universitarios con sus trabajos de TFG y TFM\",\"inLanguage\":\"es\",\"potentialAction\":[{\"@type\":\"ReadAction\",\"target\":[\"https:\/\/grupovna.com\/index.php\/universidad-2\/\"]}]}]}<\/script>\n<!-- \/ Yoast SEO plugin. -->","_links":{"self":[{"href":"https:\/\/grupovna.com\/index.php\/wp-json\/wp\/v2\/pages\/2552"}],"collection":[{"href":"https:\/\/grupovna.com\/index.php\/wp-json\/wp\/v2\/pages"}],"about":[{"href":"https:\/\/grupovna.com\/index.php\/wp-json\/wp\/v2\/types\/page"}],"author":[{"embeddable":true,"href":"https:\/\/grupovna.com\/index.php\/wp-json\/wp\/v2\/users\/1"}],"replies":[{"embeddable":true,"href":"https:\/\/grupovna.com\/index.php\/wp-json\/wp\/v2\/comments?post=2552"}],"version-history":[{"count":7,"href":"https:\/\/grupovna.com\/index.php\/wp-json\/wp\/v2\/pages\/2552\/revisions"}],"predecessor-version":[{"id":2619,"href":"https:\/\/grupovna.com\/index.php\/wp-json\/wp\/v2\/pages\/2552\/revisions\/2619"}],"wp:attachment":[{"href":"https:\/\/grupovna.com\/index.php\/wp-json\/wp\/v2\/media?parent=2552"}],"curies":[{"name":"wp","href":"https:\/\/api.w.org\/{rel}","templated":true}]}}