{"id":2538,"date":"2020-05-25T15:20:25","date_gmt":"2020-05-25T15:20:25","guid":{"rendered":"https:\/\/grupovna.com\/?page_id=2538"},"modified":"2021-01-25T10:35:34","modified_gmt":"2021-01-25T10:35:34","slug":"asesoria-juridica-2","status":"publish","type":"page","link":"https:\/\/grupovna.com\/index.php\/asesoria-juridica-2\/","title":{"rendered":"ASESOR\u00cdA JUR\u00cdDICA"},"content":{"rendered":"<p>[vc_row][vc_column][vc_column_text]<\/p>\n<div class=\"wpb_text_column wpb_content_element vc_custom_1531225831267\">\n<div class=\"wpb_wrapper\">\n<p>Grupo VNA gestiona un despacho familiar, con una historia de <strong>seis generaciones de juristas<\/strong>, tres dedicadas exclusivamente al&nbsp;<strong>ejercicio profesional de la abogac\u00eda<\/strong>.<\/p>\n<\/div>\n<\/div>\n<div class=\"wpb_text_column wpb_content_element \">\n<div class=\"wpb_wrapper\">\n<p>Grupo VNA trabaja de forma conjunta desde hace m\u00e1s de 5 a\u00f1os, sirviendo siempre a todos nuestros clientes con una gran profesionalidad, seguridad y cercan\u00eda a lo largo de todos estos a\u00f1os.<\/p>\n<p>Desde la firma de colaboraci\u00f3n, Grupo VNA ha organizado su trabajo bas\u00e1ndose en el trato personal abogado-cliente y el m\u00e1s alto nivel de exigencia, con el fin de cubrir con \u00e9xito todos los objetivos marcados.<\/p>\n<p>Este despacho se diferencia por trabajar y asesorar a clientes con diferentes perfiles, sin centrarse exclusivamente en un \u00fanico perfil. Prestamos servicios tanto a personas f\u00edsicas como a personas jur\u00eddicas, a la vez que a residentes y a extranjeros, sin limitarnos en nuestra zona de localizaci\u00f3n.<\/p>\n<\/div>\n<\/div>\n<p>[\/vc_column_text][\/vc_column][\/vc_row][vc_row][vc_column][vc_column_text]<strong>SOLICITAR CITA PREVIA&nbsp;<\/strong><\/p>\n<div role=\"form\" class=\"wpcf7\" id=\"wpcf7-f2541-o1\" lang=\"es-ES\" dir=\"ltr\">\n<div class=\"screen-reader-response\"><p role=\"status\" aria-live=\"polite\" aria-atomic=\"true\"><\/p> <ul><\/ul><\/div>\n<form action=\"\/index.php\/wp-json\/wp\/v2\/pages\/2538#wpcf7-f2541-o1\" method=\"post\" class=\"wpcf7-form init\" enctype=\"multipart\/form-data\" novalidate=\"novalidate\" data-status=\"init\">\n<div style=\"display: none;\">\n<input type=\"hidden\" name=\"_wpcf7\" value=\"2541\" \/>\n<input type=\"hidden\" name=\"_wpcf7_version\" value=\"5.3.2\" \/>\n<input type=\"hidden\" name=\"_wpcf7_locale\" value=\"es_ES\" \/>\n<input type=\"hidden\" name=\"_wpcf7_unit_tag\" value=\"wpcf7-f2541-o1\" \/>\n<input type=\"hidden\" name=\"_wpcf7_container_post\" value=\"0\" \/>\n<input type=\"hidden\" name=\"_wpcf7_posted_data_hash\" value=\"\" \/>\n<\/div>\n<div class=\"row\">\n<div class=\"col-sm-12\">\n\t       <span class=\"wpcf7-form-control-wrap text-819\"><input type=\"text\" name=\"text-819\" value=\"\" size=\"40\" class=\"wpcf7-form-control wpcf7-text wpcf7-validates-as-required form-control\" aria-required=\"true\" aria-invalid=\"false\" placeholder=\"Nombre*\" \/><\/span>\n\t<\/div>\n<div class=\"col-sm-12\">\n\t       <span class=\"wpcf7-form-control-wrap text-820\"><input type=\"text\" name=\"text-820\" value=\"\" size=\"40\" class=\"wpcf7-form-control wpcf7-text wpcf7-validates-as-required form-control\" aria-required=\"true\" aria-invalid=\"false\" placeholder=\"Apellidos*\" \/><\/span>\n\t<\/div>\n<div class=\"col-sm-6\">\n                <span class=\"wpcf7-form-control-wrap email-289\"><input type=\"email\" name=\"email-289\" value=\"\" size=\"40\" class=\"wpcf7-form-control wpcf7-text wpcf7-email wpcf7-validates-as-required wpcf7-validates-as-email form-control\" aria-required=\"true\" aria-invalid=\"false\" placeholder=\"E-mail*\" \/><\/span>\n\t<\/div>\n<div class=\"col-sm-6\">\n                <span class=\"wpcf7-form-control-wrap tel-761\"><input type=\"tel\" name=\"tel-761\" value=\"\" size=\"40\" class=\"wpcf7-form-control wpcf7-text wpcf7-tel wpcf7-validates-as-tel form-control\" aria-invalid=\"false\" placeholder=\"Tel\u00e9fono*\" \/><\/span>\n\t<\/div>\n<div class=\"col-sm-6\">\n                <span class=\"wpcf7-form-control-wrap horario\"><select name=\"horario\" class=\"wpcf7-form-control wpcf7-select wpcf7-validates-as-required\" aria-required=\"true\" aria-invalid=\"false\"><option value=\"Horario de contacto\">Horario de contacto<\/option><option value=\"De ma\u00f1ana 9:00-13:00\">De ma\u00f1ana 9:00-13:00<\/option><option value=\"Medio d\u00eda 13:00-17:00\">Medio d\u00eda 13:00-17:00<\/option><option value=\"Tarde 17:00-20:00\">Tarde 17:00-20:00<\/option><\/select><\/span>\n\t<\/div>\n<div class=\"col-sm-12\">\n                <span class=\"wpcf7-form-control-wrap textarea-984\"><textarea name=\"textarea-984\" cols=\"40\" rows=\"10\" class=\"wpcf7-form-control wpcf7-textarea wpcf7-validates-as-required form-control\" aria-required=\"true\" aria-invalid=\"false\" placeholder=\"Objetivo*\"><\/textarea><\/span>\n\t<\/div>\n<div class=\"col-sm-6\">\n                <span class=\"wpcf7-form-control-wrap datos\"><select name=\"datos\" class=\"wpcf7-form-control wpcf7-select wpcf7-validates-as-required\" aria-required=\"true\" aria-invalid=\"false\"><option value=\"Documentaci\u00f3n\">Documentaci\u00f3n<\/option><\/select><\/span>\n\t<\/div>\n<div class=\"col-sm-6\">\n                <span class=\"wpcf7-form-control-wrap file-615\"><input type=\"file\" name=\"file-615\" size=\"40\" class=\"wpcf7-form-control wpcf7-file\" accept=\".pdf,.zip,.doc,.docx,.xls\" aria-invalid=\"false\" \/><\/span><\/p><\/div>\n<\/div>\n<div class=\"wpcf7-response-output\" aria-hidden=\"true\"><\/div><\/form><\/div>[\/vc_column_text][\/vc_column][\/vc_row]<\/p>\n","protected":false},"excerpt":{"rendered":"<p>[vc_row][vc_column][vc_column_text] Grupo VNA gestiona un despacho familiar, con una historia de seis generaciones de juristas, tres dedicadas exclusivamente al&nbsp;ejercicio profesional de la abogac\u00eda. Grupo VNA trabaja de forma conjunta desde hace m\u00e1s de 5 a\u00f1os, sirviendo siempre a todos nuestros clientes con una gran profesionalidad, seguridad y cercan\u00eda a lo largo de todos estos a\u00f1os. &hellip; <br \/><a href=\"https:\/\/grupovna.com\/index.php\/asesoria-juridica-2\/\" class=\"more-link\">Continue reading <span class=\"screen-reader-text\">ASESOR\u00cdA JUR\u00cdDICA<\/span><\/a><\/p>\n","protected":false},"author":1,"featured_media":0,"parent":0,"menu_order":0,"comment_status":"closed","ping_status":"closed","template":"","meta":[],"yoast_head":"<!-- This site is optimized with the Yoast SEO plugin v15.6.2 - https:\/\/yoast.com\/wordpress\/plugins\/seo\/ -->\n<title>ASESOR\u00cdA JUR\u00cdDICA - GRUPO VNA LEVANTE<\/title>\n<meta name=\"description\" content=\"Grupo VNA gestiona un despacho familiar, con una historia de seis generaciones de juristas, tres dedicadas exclusivamente al ejercicio profesional de la abogac\u00eda.\" \/>\n<meta name=\"robots\" content=\"index, follow, max-snippet:-1, max-image-preview:large, max-video-preview:-1\" \/>\n<link rel=\"canonical\" href=\"https:\/\/grupovna.com\/index.php\/asesoria-juridica-2\/\" \/>\n<meta property=\"og:locale\" content=\"es_ES\" \/>\n<meta property=\"og:type\" content=\"article\" \/>\n<meta property=\"og:title\" content=\"ASESOR\u00cdA JUR\u00cdDICA - GRUPO VNA LEVANTE\" \/>\n<meta property=\"og:description\" content=\"Grupo VNA gestiona un despacho familiar, con una historia de seis generaciones de juristas, tres dedicadas exclusivamente al ejercicio profesional de la abogac\u00eda.\" \/>\n<meta property=\"og:url\" content=\"https:\/\/grupovna.com\/index.php\/asesoria-juridica-2\/\" \/>\n<meta property=\"og:site_name\" content=\"GRUPO VNA LEVANTE\" \/>\n<meta property=\"article:modified_time\" content=\"2021-01-25T10:35:34+00:00\" \/>\n<meta name=\"twitter:card\" content=\"summary_large_image\" \/>\n<meta name=\"twitter:label1\" content=\"Tiempo de lectura\">\n\t<meta name=\"twitter:data1\" content=\"1 minuto\">\n<script type=\"application\/ld+json\" class=\"yoast-schema-graph\">{\"@context\":\"https:\/\/schema.org\",\"@graph\":[{\"@type\":\"WebSite\",\"@id\":\"https:\/\/grupovna.com\/#website\",\"url\":\"https:\/\/grupovna.com\/\",\"name\":\"GRUPO VNA LEVANTE\",\"description\":\"Pymes, Autonomos, Universitarios, Formaci\\u00f3n Online\",\"potentialAction\":[{\"@type\":\"SearchAction\",\"target\":\"https:\/\/grupovna.com\/?s={search_term_string}\",\"query-input\":\"required name=search_term_string\"}],\"inLanguage\":\"es\"},{\"@type\":\"WebPage\",\"@id\":\"https:\/\/grupovna.com\/index.php\/asesoria-juridica-2\/#webpage\",\"url\":\"https:\/\/grupovna.com\/index.php\/asesoria-juridica-2\/\",\"name\":\"ASESOR\\u00cdA JUR\\u00cdDICA - GRUPO VNA LEVANTE\",\"isPartOf\":{\"@id\":\"https:\/\/grupovna.com\/#website\"},\"datePublished\":\"2020-05-25T15:20:25+00:00\",\"dateModified\":\"2021-01-25T10:35:34+00:00\",\"description\":\"Grupo VNA gestiona un despacho familiar, con una historia de seis generaciones de juristas, tres dedicadas exclusivamente al ejercicio profesional de la abogac\\u00eda.\",\"inLanguage\":\"es\",\"potentialAction\":[{\"@type\":\"ReadAction\",\"target\":[\"https:\/\/grupovna.com\/index.php\/asesoria-juridica-2\/\"]}]}]}<\/script>\n<!-- \/ Yoast SEO plugin. -->","_links":{"self":[{"href":"https:\/\/grupovna.com\/index.php\/wp-json\/wp\/v2\/pages\/2538"}],"collection":[{"href":"https:\/\/grupovna.com\/index.php\/wp-json\/wp\/v2\/pages"}],"about":[{"href":"https:\/\/grupovna.com\/index.php\/wp-json\/wp\/v2\/types\/page"}],"author":[{"embeddable":true,"href":"https:\/\/grupovna.com\/index.php\/wp-json\/wp\/v2\/users\/1"}],"replies":[{"embeddable":true,"href":"https:\/\/grupovna.com\/index.php\/wp-json\/wp\/v2\/comments?post=2538"}],"version-history":[{"count":4,"href":"https:\/\/grupovna.com\/index.php\/wp-json\/wp\/v2\/pages\/2538\/revisions"}],"predecessor-version":[{"id":2622,"href":"https:\/\/grupovna.com\/index.php\/wp-json\/wp\/v2\/pages\/2538\/revisions\/2622"}],"wp:attachment":[{"href":"https:\/\/grupovna.com\/index.php\/wp-json\/wp\/v2\/media?parent=2538"}],"curies":[{"name":"wp","href":"https:\/\/api.w.org\/{rel}","templated":true}]}}