{"id":2515,"date":"2020-03-20T12:28:36","date_gmt":"2020-03-20T12:28:36","guid":{"rendered":"https:\/\/grupovna.com\/?page_id=2515"},"modified":"2021-01-25T10:34:00","modified_gmt":"2021-01-25T10:34:00","slug":"formacion-gratuita-en-competencias-digitales","status":"publish","type":"page","link":"https:\/\/grupovna.com\/index.php\/formacion-gratuita-en-competencias-digitales\/","title":{"rendered":"Formaci\u00f3n gratuita en competencias digitales"},"content":{"rendered":"<p>[vc_row][vc_column][vc_column_text]<\/p>\n<div>\n<div>\n<div class=\"container bgWhite wow bounceInUp mbottom20\">\n<h4><strong>En este espacio encontrar\u00e1s acceso a cursos gratuitos en competencias digitales facilitados por grandes empresas tecnol\u00f3gicas. Entra en cada una de ellas y descubre qu\u00e9 pueden ofrecerte para mejorar y actualizar tus conocimientos en esta materia.<\/strong><\/h4>\n<\/div>\n<\/div>\n<\/div>\n<div class=\"container-fluid bgGrey section-bg\">\n<div id=\"tableContainer\" class=\"container\">\n<div class=\"row box_business\">\n<div class=\"col-md-3\"><\/div>\n<\/div>\n<\/div>\n<\/div>\n<p>[\/vc_column_text][\/vc_column][\/vc_row][vc_row][vc_column width=&#8221;1\/4&#8243;][vc_column_text]<\/p>\n<p><img class=\"img-responsive col-center aligncenter\" title=\"Amazon Web Services\" src=\"https:\/\/www.fundae.es\/images\/default-source\/digitalizate\/amazon\/aws_logo_rgb.png?sfvrsn=42b64414_16\" alt=\"entidades organizadoras\"><\/p>\n<p>[\/vc_column_text][vc_btn title=&#8221;CURSOS&#8221; align=&#8221;center&#8221; link=&#8221;url:https%3A%2F%2Fwww.fundae.es%2Fdigitalizate%2Fdigitalizate%2Fcursos%2FIndexDigitizedCourses%2F1030a58d-b528-4ada-881d-15f88803242d||target:%20_blank|&#8221;][\/vc_column][vc_column width=&#8221;1\/4&#8243;][vc_column_text]<\/p>\n<p><img class=\"img-responsive col-center aligncenter\" title=\"Cisco Systems \" src=\"https:\/\/www.fundae.es\/images\/default-source\/digitalizate\/cisco\/logo-cisco.png?sfvrsn=48e1b54c_22\" alt=\"entidades organizadoras\"><\/p>\n<p>[\/vc_column_text][vc_btn title=&#8221;CURSOS&#8221; align=&#8221;center&#8221; link=&#8221;url:https%3A%2F%2Fwww.fundae.es%2Fdigitalizate%2Fdigitalizate%2Fcursos%2FIndexDigitizedCourses%2F506f30c5-afe9-4f9d-9ec3-38122c51f280||target:%20_blank|&#8221;][vc_column_text]<\/p>\n<div id=\"38837-11\"><\/div>\n<p>[\/vc_column_text][\/vc_column][vc_column width=&#8221;1\/4&#8243;][vc_column_text]<\/p>\n<p><img class=\"img-responsive col-center aligncenter\" title=\"Cloudera\" src=\"https:\/\/www.fundae.es\/images\/default-source\/digitalizate\/cloudera\/cloudera_logo_darkorange.png?sfvrsn=b87e7f02_10\" alt=\"entidades organizadoras\"><\/p>\n<p>[\/vc_column_text][vc_btn title=&#8221;CURSOS&#8221; align=&#8221;center&#8221; link=&#8221;url:https%3A%2F%2Fwww.fundae.es%2Fdigitalizate%2Fdigitalizate%2Fcursos%2FIndexDigitizedCourses%2Ff9bb81e4-3767-4c7a-b980-1dd3cf752b4c||target:%20_blank|&#8221;][\/vc_column][vc_column width=&#8221;1\/4&#8243;][vc_column_text]<\/p>\n<p style=\"text-align: center;\"><img class=\"img-responsive col-center aligncenter\" title=\"everis Spain\" src=\"https:\/\/www.fundae.es\/images\/default-source\/digitalizate\/everis\/logo_everis_ntt.jpg?sfvrsn=142c66a_18\" alt=\"entidades organizadoras\"><\/p>\n<p>[\/vc_column_text][vc_btn title=&#8221;CURSOS&#8221; align=&#8221;center&#8221; link=&#8221;url:https%3A%2F%2Fwww.fundae.es%2Fdigitalizate%2Fdigitalizate%2Fcursos%2FIndexDigitizedCourses%2Fd1662750-5513-4faa-93cb-0ed9fe5cbac1||target:%20_blank|&#8221;][\/vc_column][\/vc_row][vc_row][vc_column width=&#8221;1\/4&#8243;][\/vc_column][vc_column width=&#8221;3\/4&#8243;][\/vc_column][\/vc_row][vc_row][vc_column width=&#8221;1\/4&#8243;][vc_column_text]<\/p>\n<p><img class=\"img-responsive col-center aligncenter\" title=\"Fundaci\u00f3n Accenture\" src=\"https:\/\/www.fundae.es\/images\/default-source\/digitalizate\/accenture\/acc_logo_black_purple_rgb_263x133.jpg?sfvrsn=1c1ed5b5_16\" alt=\"entidades organizadoras\"><\/p>\n<p>[\/vc_column_text][vc_btn title=&#8221;CURSOS&#8221; align=&#8221;center&#8221; link=&#8221;url:https%3A%2F%2Fwww.fundae.es%2Fdigitalizate%2Fdigitalizate%2Fcursos%2FIndexDigitizedCourses%2F4b23ef22-731e-4585-a103-391823c3094a||target:%20_blank|&#8221;][\/vc_column][vc_column width=&#8221;1\/4&#8243;][vc_column_text]<\/p>\n<p><img class=\"img-responsive col-center aligncenter\" title=\"Fundaci\u00f3n Telef\u00f3nica\" src=\"https:\/\/www.fundae.es\/images\/default-source\/digitalizate\/fundaci\u00f3n-telefonica\/fundaci\u00f3n-telef\u00f3nica.png?sfvrsn=c178881_14\" alt=\"entidades organizadoras\"><\/p>\n<p>[\/vc_column_text][vc_btn title=&#8221;CURSOS&#8221; align=&#8221;center&#8221; link=&#8221;url:https%3A%2F%2Fwww.fundae.es%2Fdigitalizate%2Fdigitalizate%2Fcursos%2FIndexDigitizedCourses%2F424d1d6a-361c-4e23-b27d-ed4974f203dd||target:%20_blank|&#8221;][\/vc_column][vc_column width=&#8221;1\/4&#8243;][vc_column_text]<\/p>\n<p><img class=\"img-responsive col-center aligncenter\" title=\"Google\" src=\"https:\/\/www.fundae.es\/images\/default-source\/digitalizate\/google\/google.png?sfvrsn=a6592945_4\" alt=\"entidades organizadoras\"><\/p>\n<p>[\/vc_column_text][vc_btn title=&#8221;CURSOS&#8221; align=&#8221;center&#8221; link=&#8221;url:https%3A%2F%2Fwww.fundae.es%2Fdigitalizate%2Fdigitalizate%2Fcursos%2FIndexDigitizedCourses%2F5ade75fd-8846-4b30-a467-47301177b520||target:%20_blank|&#8221;][\/vc_column][vc_column width=&#8221;1\/4&#8243;][vc_column_text]<\/p>\n<p style=\"text-align: center;\"><img class=\"img-responsive col-center aligncenter\" title=\"Huawei Tecnologies Espa\u00f1a\" src=\"https:\/\/www.fundae.es\/images\/default-source\/digitalizate\/huawei\/huawei-ajustado-a-77.jpg?sfvrsn=b49d3b7d_14\" alt=\"entidades organizadoras\"><\/p>\n<p>[\/vc_column_text][vc_btn title=&#8221;CURSOS&#8221; align=&#8221;center&#8221; link=&#8221;url:https%3A%2F%2Fwww.fundae.es%2Fdigitalizate%2Fdigitalizate%2Fcursos%2FIndexDigitizedCourses%2Fd1547ba2-c06e-4467-b0d4-4af983bdf9da||target:%20_blank|&#8221;][\/vc_column][\/vc_row][vc_row][vc_column width=&#8221;1\/4&#8243;][\/vc_column][vc_column width=&#8221;3\/4&#8243;][\/vc_column][\/vc_row][vc_row][vc_column width=&#8221;1\/4&#8243;][vc_column_text]<\/p>\n<p><img class=\"img-responsive col-center aligncenter\" title=\"International Business Machines\" src=\"https:\/\/www.fundae.es\/images\/default-source\/digitalizate\/ibm\/ibm.png?sfvrsn=d35f8059_8\" alt=\"entidades organizadoras\"><\/p>\n<p>[\/vc_column_text][vc_btn title=&#8221;CURSOS&#8221; align=&#8221;center&#8221; link=&#8221;url:https%3A%2F%2Fwww.fundae.es%2Fdigitalizate%2Fdigitalizate%2Fcursos%2FIndexDigitizedCourses%2Fde8e569c-088b-4f15-b8af-bb0206147a80||target:%20_blank|&#8221;][\/vc_column][vc_column width=&#8221;1\/4&#8243;][vc_column_text]<\/p>\n<p><img class=\"img-responsive col-center aligncenter\" title=\"Linux Professional Institute\" src=\"https:\/\/www.fundae.es\/images\/default-source\/digitalizate\/lpi\/curso_linux_essentials.jpg?sfvrsn=3f7fd1a1_28\" alt=\"entidades organizadoras\"><\/p>\n<p>[\/vc_column_text][vc_btn title=&#8221;CURSOS&#8221; align=&#8221;center&#8221; link=&#8221;url:https%3A%2F%2Fwww.fundae.es%2Fdigitalizate%2Fdigitalizate%2Fcursos%2FIndexDigitizedCourses%2Ff9824911-0b87-4932-ad91-48327a7a92a5||target:%20_blank|&#8221;][\/vc_column][vc_column width=&#8221;1\/4&#8243;][vc_column_text]<\/p>\n<p><img class=\"img-responsive col-center aligncenter\" title=\"Oracle Ib\u00e9rica\" src=\"https:\/\/www.fundae.es\/images\/default-source\/digitalizate\/oracle\/oracle_university_rgb_160x77.png?sfvrsn=bcfd95ac_14\" alt=\"entidades organizadoras\"><\/p>\n<p>[\/vc_column_text][vc_btn title=&#8221;CURSOS&#8221; align=&#8221;center&#8221; link=&#8221;url:https%3A%2F%2Fwww.fundae.es%2Fdigitalizate%2Fdigitalizate%2Fcursos%2FIndexDigitizedCourses%2F923f97a3-19b8-4608-b1e1-9942154e8b9e||target:%20_blank|&#8221;][\/vc_column][vc_column width=&#8221;1\/4&#8243;][vc_column_text]<img class=\"aligncenter\" src=\"https:\/\/www.fundae.es\/images\/default-source\/digitalizate\/sap\/logo_sap.png?sfvrsn=b02762d6_18\" alt=\"entidades organizadoras\">[\/vc_column_text][vc_btn title=&#8221;CURSOS&#8221; align=&#8221;center&#8221; link=&#8221;url:https%3A%2F%2Fwww.fundae.es%2Fdigitalizate%2Fdigitalizate%2Fcursos%2FIndexDigitizedCourses%2F96042fdb-b91d-4a03-bc51-92e93f101e63||target:%20_blank|&#8221;][\/vc_column][\/vc_row]<\/p>\n","protected":false},"excerpt":{"rendered":"<p>[vc_row][vc_column][vc_column_text] En este espacio encontrar\u00e1s acceso a cursos gratuitos en competencias digitales facilitados por grandes empresas tecnol\u00f3gicas. Entra en cada una de ellas y descubre qu\u00e9 pueden ofrecerte para mejorar y actualizar tus conocimientos en esta materia. [\/vc_column_text][\/vc_column][\/vc_row][vc_row][vc_column width=&#8221;1\/4&#8243;][vc_column_text] [\/vc_column_text][vc_btn title=&#8221;CURSOS&#8221; align=&#8221;center&#8221; link=&#8221;url:https%3A%2F%2Fwww.fundae.es%2Fdigitalizate%2Fdigitalizate%2Fcursos%2FIndexDigitizedCourses%2F1030a58d-b528-4ada-881d-15f88803242d||target:%20_blank|&#8221;][\/vc_column][vc_column width=&#8221;1\/4&#8243;][vc_column_text] [\/vc_column_text][vc_btn title=&#8221;CURSOS&#8221; align=&#8221;center&#8221; link=&#8221;url:https%3A%2F%2Fwww.fundae.es%2Fdigitalizate%2Fdigitalizate%2Fcursos%2FIndexDigitizedCourses%2F506f30c5-afe9-4f9d-9ec3-38122c51f280||target:%20_blank|&#8221;][vc_column_text] [\/vc_column_text][\/vc_column][vc_column width=&#8221;1\/4&#8243;][vc_column_text] [\/vc_column_text][vc_btn title=&#8221;CURSOS&#8221; align=&#8221;center&#8221; link=&#8221;url:https%3A%2F%2Fwww.fundae.es%2Fdigitalizate%2Fdigitalizate%2Fcursos%2FIndexDigitizedCourses%2Ff9bb81e4-3767-4c7a-b980-1dd3cf752b4c||target:%20_blank|&#8221;][\/vc_column][vc_column width=&#8221;1\/4&#8243;][vc_column_text] &hellip; <br \/><a href=\"https:\/\/grupovna.com\/index.php\/formacion-gratuita-en-competencias-digitales\/\" class=\"more-link\">Continue reading <span class=\"screen-reader-text\">Formaci\u00f3n gratuita en competencias digitales<\/span><\/a><\/p>\n","protected":false},"author":1,"featured_media":0,"parent":0,"menu_order":0,"comment_status":"closed","ping_status":"closed","template":"","meta":[],"yoast_head":"<!-- This site is optimized with the Yoast SEO plugin v15.6.2 - https:\/\/yoast.com\/wordpress\/plugins\/seo\/ -->\n<title>Formaci\u00f3n gratuita en competencias digitales - GRUPO VNA LEVANTE<\/title>\n<meta name=\"description\" content=\"En este espacio encontrar\u00e1s acceso a cursos gratuitos en competencias digitales facilitados por grandes empresas tecnol\u00f3gicas. Entra en cada una de ellas y descubre qu\u00e9 pueden ofrecerte para mejorar y actualizar tus conocimientos en esta materia.\" \/>\n<meta name=\"robots\" content=\"index, follow, max-snippet:-1, max-image-preview:large, max-video-preview:-1\" \/>\n<link rel=\"canonical\" href=\"https:\/\/grupovna.com\/index.php\/formacion-gratuita-en-competencias-digitales\/\" \/>\n<meta property=\"og:locale\" content=\"es_ES\" \/>\n<meta property=\"og:type\" content=\"article\" \/>\n<meta property=\"og:title\" content=\"Formaci\u00f3n gratuita en competencias digitales - GRUPO VNA LEVANTE\" \/>\n<meta property=\"og:description\" content=\"En este espacio encontrar\u00e1s acceso a cursos gratuitos en competencias digitales facilitados por grandes empresas tecnol\u00f3gicas. Entra en cada una de ellas y descubre qu\u00e9 pueden ofrecerte para mejorar y actualizar tus conocimientos en esta materia.\" \/>\n<meta property=\"og:url\" content=\"https:\/\/grupovna.com\/index.php\/formacion-gratuita-en-competencias-digitales\/\" \/>\n<meta property=\"og:site_name\" content=\"GRUPO VNA LEVANTE\" \/>\n<meta property=\"article:modified_time\" content=\"2021-01-25T10:34:00+00:00\" \/>\n<meta property=\"og:image\" content=\"https:\/\/www.fundae.es\/images\/default-source\/digitalizate\/amazon\/aws_logo_rgb.png?sfvrsn=42b64414_16\" \/>\n<meta name=\"twitter:card\" content=\"summary_large_image\" \/>\n<meta name=\"twitter:label1\" content=\"Tiempo de lectura\">\n\t<meta name=\"twitter:data1\" content=\"3 minutos\">\n<script type=\"application\/ld+json\" class=\"yoast-schema-graph\">{\"@context\":\"https:\/\/schema.org\",\"@graph\":[{\"@type\":\"WebSite\",\"@id\":\"https:\/\/grupovna.com\/#website\",\"url\":\"https:\/\/grupovna.com\/\",\"name\":\"GRUPO VNA LEVANTE\",\"description\":\"Pymes, Autonomos, Universitarios, Formaci\\u00f3n Online\",\"potentialAction\":[{\"@type\":\"SearchAction\",\"target\":\"https:\/\/grupovna.com\/?s={search_term_string}\",\"query-input\":\"required name=search_term_string\"}],\"inLanguage\":\"es\"},{\"@type\":\"ImageObject\",\"@id\":\"https:\/\/grupovna.com\/index.php\/formacion-gratuita-en-competencias-digitales\/#primaryimage\",\"inLanguage\":\"es\",\"url\":\"https:\/\/www.fundae.es\/images\/default-source\/digitalizate\/amazon\/aws_logo_rgb.png?sfvrsn=42b64414_16\"},{\"@type\":\"WebPage\",\"@id\":\"https:\/\/grupovna.com\/index.php\/formacion-gratuita-en-competencias-digitales\/#webpage\",\"url\":\"https:\/\/grupovna.com\/index.php\/formacion-gratuita-en-competencias-digitales\/\",\"name\":\"Formaci\\u00f3n gratuita en competencias digitales - GRUPO VNA LEVANTE\",\"isPartOf\":{\"@id\":\"https:\/\/grupovna.com\/#website\"},\"primaryImageOfPage\":{\"@id\":\"https:\/\/grupovna.com\/index.php\/formacion-gratuita-en-competencias-digitales\/#primaryimage\"},\"datePublished\":\"2020-03-20T12:28:36+00:00\",\"dateModified\":\"2021-01-25T10:34:00+00:00\",\"description\":\"En este espacio encontrar\\u00e1s acceso a cursos gratuitos en competencias digitales facilitados por grandes empresas tecnol\\u00f3gicas. Entra en cada una de ellas y descubre qu\\u00e9 pueden ofrecerte para mejorar y actualizar tus conocimientos en esta materia.\",\"inLanguage\":\"es\",\"potentialAction\":[{\"@type\":\"ReadAction\",\"target\":[\"https:\/\/grupovna.com\/index.php\/formacion-gratuita-en-competencias-digitales\/\"]}]}]}<\/script>\n<!-- \/ Yoast SEO plugin. -->","_links":{"self":[{"href":"https:\/\/grupovna.com\/index.php\/wp-json\/wp\/v2\/pages\/2515"}],"collection":[{"href":"https:\/\/grupovna.com\/index.php\/wp-json\/wp\/v2\/pages"}],"about":[{"href":"https:\/\/grupovna.com\/index.php\/wp-json\/wp\/v2\/types\/page"}],"author":[{"embeddable":true,"href":"https:\/\/grupovna.com\/index.php\/wp-json\/wp\/v2\/users\/1"}],"replies":[{"embeddable":true,"href":"https:\/\/grupovna.com\/index.php\/wp-json\/wp\/v2\/comments?post=2515"}],"version-history":[{"count":18,"href":"https:\/\/grupovna.com\/index.php\/wp-json\/wp\/v2\/pages\/2515\/revisions"}],"predecessor-version":[{"id":2621,"href":"https:\/\/grupovna.com\/index.php\/wp-json\/wp\/v2\/pages\/2515\/revisions\/2621"}],"wp:attachment":[{"href":"https:\/\/grupovna.com\/index.php\/wp-json\/wp\/v2\/media?parent=2515"}],"curies":[{"name":"wp","href":"https:\/\/api.w.org\/{rel}","templated":true}]}}