{"id":2178,"date":"2018-10-25T15:39:09","date_gmt":"2018-10-25T15:39:09","guid":{"rendered":"http:\/\/grupovna.com\/?page_id=2178"},"modified":"2018-10-25T16:10:19","modified_gmt":"2018-10-25T16:10:19","slug":"videoconferencia","status":"publish","type":"page","link":"https:\/\/grupovna.com\/index.php\/videoconferencia\/","title":{"rendered":"VIDEOCONFERENCIA"},"content":{"rendered":"<p>&nbsp;<\/p>\n<p>[vc_row][vc_column][vc_column_text]Bienvenidos a Zoom Video-Conferencia, es una herramienta que nos permitir\u00e1 comunicarnos a trav\u00e9s de la web. Neces\u00edtanos descargar uno de estos plugins y crearnos una cuenta gratuita en:\u00a0<a href=\"https:\/\/zoom.us\/signup\">https:\/\/zoom.us\/signup<\/a><\/p>\n<p>Agrega uno de estos Plugins<\/p>\n<p>[\/vc_column_text][\/vc_column][\/vc_row]<\/p>\n<p><img loading=\"lazy\" class=\"alignnone wp-image-2180\" src=\"http:\/\/grupovna.com\/wp-content\/uploads\/2018\/10\/google-chrome-0-kCD-620x349@abc-300x169.jpg\" alt=\"\" width=\"160\" height=\"90\" \/><a href=\"https:\/\/chrome.google.com\/webstore\/detail\/zoom\/hmbjbjdpkobdjplfobhljndfdfdipjhg?hl=en&amp;gl=US&amp;authuser=1\">Chrome Plugin Zoom <\/a>\u00a0 \u00a0 \u00a0 \u00a0 \u00a0 \u00a0 \u00a0 \u00a0 \u00a0 \u00a0 \u00a0 \u00a0 \u00a0 \u00a0 \u00a0 \u00a0 \u00a0 \u00a0 \u00a0 \u00a0\u00a0 <img loading=\"lazy\" class=\"alignnone wp-image-2183\" style=\"background-attachment: scroll; background-clip: border-box; background-color: transparent; background-image: none; background-origin: padding-box; background-position-x: 0%; background-position-y: 0%; background-repeat: repeat; background-size: auto; color: #333333; font-family: Georgia,&amp;quot; times new roman&amp;quot;,&amp;quot;bitstream charter&amp;quot;,times,serif; font-size: 16px; font-style: normal; font-variant: normal; font-weight: 400; height: 99px; letter-spacing: normal; max-width: 996px; orphans: 2; outline-color: #72777c; outline-style: solid; outline-width: 1px; text-align: left; text-decoration: none; text-indent: 0px; text-transform: none; -webkit-text-stroke-width: 0px; white-space: normal; word-spacing: 0px;\" src=\"http:\/\/grupovna.com\/wp-content\/uploads\/2018\/10\/1200px-Firefox_Logo_2017.svg_-300x300.png\" alt=\"\" width=\"99\" height=\"99\" \/>\u00a0\u00a0\u00a0\u00a0\u00a0\u00a0<a href=\"https:\/\/addons.mozilla.org\/en-US\/firefox\/addon\/zoom-new-scheduler\/\">Firefox Plugin Zoom<\/a><\/p>\n<p>&nbsp;<\/p>\n<p>1\u00ba COPIE EL CODIGO DE SALA 335892218<\/p>\n<p><span style=\"display: inline !important; float: none; background-color: transparent; color: #333333; cursor: text; font-family: Georgia,'Times New Roman','Bitstream Charter',Times,serif; font-size: 16px; font-style: normal; font-variant: normal; font-weight: 400; letter-spacing: normal; orphans: 2; text-align: left; text-decoration: none; text-indent: 0px; text-transform: none; -webkit-text-stroke-width: 0px; white-space: normal; word-spacing: 0px;\">2\u00ba LA CLAVE DE ACCESO SE LA PROPORCIONARA EL ADMINISTRADOR POR WHATSAPP.<\/span><\/p>\n<p>3\u00baPARA ACCEDER A LA VIDEOCONFERENCIA PINCHAR <a href=\"https:\/\/zoom.us\/s\/335892218?pwd=MG0xK3hwT3hvQ1pCRFhxaTN0eG50UT09\">AQU\u00cd<\/a><\/p>\n","protected":false},"excerpt":{"rendered":"<p>&nbsp; [vc_row][vc_column][vc_column_text]Bienvenidos a Zoom Video-Conferencia, es una herramienta que nos permitir\u00e1 comunicarnos a trav\u00e9s de la web. Neces\u00edtanos descargar uno de estos plugins y crearnos una cuenta gratuita en:\u00a0https:\/\/zoom.us\/signup Agrega uno de estos Plugins [\/vc_column_text][\/vc_column][\/vc_row] Chrome Plugin Zoom \u00a0 \u00a0 \u00a0 \u00a0 \u00a0 \u00a0 \u00a0 \u00a0 \u00a0 \u00a0 \u00a0 \u00a0 \u00a0 \u00a0 \u00a0 \u00a0 \u00a0 &hellip; <br \/><a href=\"https:\/\/grupovna.com\/index.php\/videoconferencia\/\" class=\"more-link\">Continue reading <span class=\"screen-reader-text\">VIDEOCONFERENCIA<\/span><\/a><\/p>\n","protected":false},"author":1,"featured_media":0,"parent":0,"menu_order":0,"comment_status":"closed","ping_status":"closed","template":"","meta":[],"yoast_head":"<!-- This site is optimized with the Yoast SEO plugin v15.6.2 - https:\/\/yoast.com\/wordpress\/plugins\/seo\/ -->\n<title>VIDEOCONFERENCIA - GRUPO VNA LEVANTE<\/title>\n<meta name=\"robots\" content=\"index, follow, max-snippet:-1, max-image-preview:large, max-video-preview:-1\" \/>\n<link rel=\"canonical\" href=\"https:\/\/grupovna.com\/index.php\/videoconferencia\/\" \/>\n<meta property=\"og:locale\" content=\"es_ES\" \/>\n<meta property=\"og:type\" content=\"article\" \/>\n<meta property=\"og:title\" content=\"VIDEOCONFERENCIA - GRUPO VNA LEVANTE\" \/>\n<meta property=\"og:description\" content=\"&nbsp; [vc_row][vc_column][vc_column_text]Bienvenidos a Zoom Video-Conferencia, es una herramienta que nos permitir\u00e1 comunicarnos a trav\u00e9s de la web. Neces\u00edtanos descargar uno de estos plugins y crearnos una cuenta gratuita en:\u00a0https:\/\/zoom.us\/signup Agrega uno de estos Plugins [\/vc_column_text][\/vc_column][\/vc_row] Chrome Plugin Zoom \u00a0 \u00a0 \u00a0 \u00a0 \u00a0 \u00a0 \u00a0 \u00a0 \u00a0 \u00a0 \u00a0 \u00a0 \u00a0 \u00a0 \u00a0 \u00a0 \u00a0 &hellip; Continue reading VIDEOCONFERENCIA\" \/>\n<meta property=\"og:url\" content=\"https:\/\/grupovna.com\/index.php\/videoconferencia\/\" \/>\n<meta property=\"og:site_name\" content=\"GRUPO VNA LEVANTE\" \/>\n<meta property=\"article:modified_time\" content=\"2018-10-25T16:10:19+00:00\" \/>\n<meta property=\"og:image\" content=\"http:\/\/grupovna.com\/wp-content\/uploads\/2018\/10\/google-chrome-0-kCD-620x349@abc-300x169.jpg\" \/>\n<meta name=\"twitter:card\" content=\"summary_large_image\" \/>\n<script type=\"application\/ld+json\" class=\"yoast-schema-graph\">{\"@context\":\"https:\/\/schema.org\",\"@graph\":[{\"@type\":\"WebSite\",\"@id\":\"https:\/\/grupovna.com\/#website\",\"url\":\"https:\/\/grupovna.com\/\",\"name\":\"GRUPO VNA LEVANTE\",\"description\":\"Pymes, Autonomos, Universitarios, Formaci\\u00f3n Online\",\"potentialAction\":[{\"@type\":\"SearchAction\",\"target\":\"https:\/\/grupovna.com\/?s={search_term_string}\",\"query-input\":\"required name=search_term_string\"}],\"inLanguage\":\"es\"},{\"@type\":\"ImageObject\",\"@id\":\"https:\/\/grupovna.com\/index.php\/videoconferencia\/#primaryimage\",\"inLanguage\":\"es\",\"url\":\"http:\/\/grupovna.com\/wp-content\/uploads\/2018\/10\/google-chrome-0-kCD-620x349@abc-300x169.jpg\"},{\"@type\":\"WebPage\",\"@id\":\"https:\/\/grupovna.com\/index.php\/videoconferencia\/#webpage\",\"url\":\"https:\/\/grupovna.com\/index.php\/videoconferencia\/\",\"name\":\"VIDEOCONFERENCIA - GRUPO VNA LEVANTE\",\"isPartOf\":{\"@id\":\"https:\/\/grupovna.com\/#website\"},\"primaryImageOfPage\":{\"@id\":\"https:\/\/grupovna.com\/index.php\/videoconferencia\/#primaryimage\"},\"datePublished\":\"2018-10-25T15:39:09+00:00\",\"dateModified\":\"2018-10-25T16:10:19+00:00\",\"inLanguage\":\"es\",\"potentialAction\":[{\"@type\":\"ReadAction\",\"target\":[\"https:\/\/grupovna.com\/index.php\/videoconferencia\/\"]}]}]}<\/script>\n<!-- \/ Yoast SEO plugin. -->","_links":{"self":[{"href":"https:\/\/grupovna.com\/index.php\/wp-json\/wp\/v2\/pages\/2178"}],"collection":[{"href":"https:\/\/grupovna.com\/index.php\/wp-json\/wp\/v2\/pages"}],"about":[{"href":"https:\/\/grupovna.com\/index.php\/wp-json\/wp\/v2\/types\/page"}],"author":[{"embeddable":true,"href":"https:\/\/grupovna.com\/index.php\/wp-json\/wp\/v2\/users\/1"}],"replies":[{"embeddable":true,"href":"https:\/\/grupovna.com\/index.php\/wp-json\/wp\/v2\/comments?post=2178"}],"version-history":[{"count":7,"href":"https:\/\/grupovna.com\/index.php\/wp-json\/wp\/v2\/pages\/2178\/revisions"}],"predecessor-version":[{"id":2189,"href":"https:\/\/grupovna.com\/index.php\/wp-json\/wp\/v2\/pages\/2178\/revisions\/2189"}],"wp:attachment":[{"href":"https:\/\/grupovna.com\/index.php\/wp-json\/wp\/v2\/media?parent=2178"}],"curies":[{"name":"wp","href":"https:\/\/api.w.org\/{rel}","templated":true}]}}