{"id":2136,"date":"2018-10-05T11:15:48","date_gmt":"2018-10-05T11:15:48","guid":{"rendered":"http:\/\/grupovna.com\/?page_id=2136"},"modified":"2018-10-05T11:37:52","modified_gmt":"2018-10-05T11:37:52","slug":"cursos-acreditados","status":"publish","type":"page","link":"https:\/\/grupovna.com\/index.php\/cursos-acreditados\/","title":{"rendered":"CURSOS ACREDITADOS"},"content":{"rendered":"<p>&nbsp;<\/p>\n<div class=\"prk_meta\"><\/div>\n<div id=\"prk_mega_wrap\" class=\"ultra_wrapper wide_gusto\" data-maxw=\"1140\">\n<div id=\"wrap\" class=\"container columns extra_pad centered at_top\" style=\"opacity: 1;\" role=\"document\">\n<div id=\"prk_ajax_container\" style=\"display: block; visibility: visible;\" data-ajax_path=\"https:\/\/www.gruposystem.com\/wp-content\/themes\/gusto\/inc\/ajax-handler.php\" data-retina=\"prk_retina\">\n<div id=\"centered_block\">\n<div id=\"main_block\" class=\"block_with_sections page-9\" style=\"opacity: 1; visibility: visible;\">\n<div id=\"content\">\n<div id=\"main\" class=\"row\" role=\"main\">\n<div id=\"gusto_super_sections\" class=\"row\">\n<div id=\"gusto-783\" class=\"gusto_regular_row\">\n<div class=\"wpb_row \" style=\"background-color: #ffffff;\">\n<div class=\"small-12 columns\">\n<div class=\"prk_inner_block columns small-centered clearfix\">\n<div class=\"vc_col-sm-6 wpb_column vc_column_container \">\n<div class=\"wpb_wrapper\">\n<div class=\"wpb_single_image wpb_content_element vc_align_left\">\n<div class=\"wpb_wrapper\">\n<p><img loading=\"lazy\" class=\"attachment-full\" src=\"https:\/\/www.gruposystem.com\/wp-content\/uploads\/img_educacion2_ok.jpg\" sizes=\"(max-width: 712px) 100vw, 712px\" srcset=\"https:\/\/www.gruposystem.com\/wp-content\/uploads\/img_educacion2_ok.jpg 712w, https:\/\/www.gruposystem.com\/wp-content\/uploads\/img_educacion2_ok-300x174.jpg 300w\" alt=\"cursos acreditados de sanidad y educaci\u00f3n\" width=\"712\" height=\"413\" \/><\/p>\n<\/div>\n<\/div>\n<div class=\"clearfix\" style=\"margin-top: -50px;\"><\/div>\n<\/div>\n<\/div>\n<div class=\"vc_col-sm-6 wpb_column vc_column_container \">\n<div class=\"wpb_wrapper\">\n<div class=\"wpb_text_column wpb_content_element wpb_animate_when_almost_visible wpb_right-to-left right-to-left delay-1000 wpb_start_animation\">\n<div class=\"wpb_wrapper\">\n<h4 style=\"text-align: center;\">Disponemos de un cat\u00e1logo de cursos online de las<\/h4>\n<h2 style=\"text-align: center;\"><span style=\"color: #308dc2;\">\u00e1reas de sanidad y educaci\u00f3n<\/span><\/h2>\n<\/div>\n<\/div>\n<div class=\"clearfix\" style=\"height: 18px;\"><\/div>\n<div class=\"wpb_text_column wpb_content_element wpb_animate_when_almost_visible wpb_right-to-left right-to-left wpb_start_animation\">\n<div class=\"wpb_wrapper\">\n<p style=\"text-align: left;\"><span style=\"color: #333333; font-size: 1.1em;\">Es destacable poner de relieve que <strong>esta oferta incluye cursos que son puntuables<\/strong> en todo el sistema nacional de salud y para todas las comunidades aut\u00f3nomas y<strong> otros est\u00e1n certificados por la Universidad Rey Juan Carlos<\/strong>\u00a0v\u00e1lidos para concursos p\u00fablicos, oposiciones, bolsas de contrataci\u00f3n, promoci\u00f3n profesional, etc\u2026 por lo que son de m\u00e1ximo inter\u00e9s para personal vinculado a estos sectores.<\/span><\/p>\n<\/div>\n<\/div>\n<div class=\"clearfix\" style=\"height: 18px;\"><\/div>\n<div class=\"wpb_alert wpb_content_element vc_alert_rounded wpb_alert-info\">\n<p>&nbsp;<\/p>\n<div class=\"messagebox_text\">\n<h5><span style=\"color: #000000;\">LOS CURSOS DE EDUCACI\u00d3N Y SANIDAD NO PODR\u00c1N SER TRAMITADOS CON CARGO A CR\u00c9DITOS DE FORMACI\u00d3N PROGRAMADA.<\/span><\/h5>\n<\/div>\n<\/div>\n<div class=\"vc_btn3-container centrado wpb_animate_when_almost_visible wpb_appear appear vc_btn3-inline wpb_start_animation\"><a class=\"vc_general vc_btn3 vc_btn3-size-md vc_btn3-shape-rounded vc_btn3-style-modern vc_btn3-color-btn-info\" title=\"\" href=\"http:\/\/grupovna.com\" target=\"_blank\" rel=\"noopener\">Pulse para m\u00e1s Informaci\u00f3n y contrataci\u00f3n para Asociados Distribuidores<\/a><\/div>\n<\/div>\n<\/div>\n<\/div>\n<\/div>\n<\/div>\n<\/div>\n<div id=\"gusto-995\" class=\"gusto_regular_row\">\n<div class=\"wpb_row \" style=\"background-color: #ffffff;\">\n<div class=\"small-12 columns\">\n<div class=\"prk_inner_block columns small-centered clearfix\">\n<div class=\"vc_col-sm-6 wpb_column vc_column_container \">\n<div class=\"wpb_wrapper\">\n<div class=\"vc_tta-container\" data-vc-action=\"collapseAll\">\n<div class=\"vc_general vc_tta vc_tta-accordion vc_tta-o-shape-group vc_tta-controls-align-left vc_tta-o-all-clickable\">\n<div class=\"vc_tta-panels-container\">\n<div class=\"vc_tta-panels\">\n<div id=\"1509699387066-d01b74c0-a507\" class=\"vc_tta-panel\" data-vc-content=\".vc_tta-panel-body\">\n<div class=\"vc_tta-panel-heading\">\n<h4 class=\"vc_tta-panel-title vc_tta-controls-icon-position-left\"><a href=\"#1509699387066-d01b74c0-a507\" data-vc-accordion=\"\" data-vc-container=\".vc_tta-container\"><span class=\"vc_tta-title-text\">\u00c1rea de Sanidad<\/span><i class=\"vc_tta-controls-icon vc_tta-controls-icon-plus\"><\/i><\/a><\/h4>\n<\/div>\n<div class=\"vc_tta-panel-body\">\n<div class=\"wpb_text_column wpb_content_element \">\n<div class=\"wpb_wrapper\">\n<p class=\"bodyText2\">Los <strong>Profesionales a los que van dirigidos<\/strong> estos programas de formaci\u00f3n son:<\/p>\n<ul>\n<li class=\"bodyText2\"><strong>Personal Sanitario:<\/strong> M\u00e9dicos, Fisioterapeutas, Enfermer\u00eda y T\u00e9cnicos rama Sanitaria (Laboratorio, Aux. Enfermer\u00eda, Emergencias Sanitarias, etc.)<\/li>\n<li class=\"bodyText2\"><strong>Personal No Sanitario:<\/strong> Personal de Gesti\u00f3n y Administraci\u00f3n, Celadores, Personal Mantenimiento, Personal Lavander\u00eda, Cocina, etc.<\/li>\n<\/ul>\n<\/div>\n<\/div>\n<\/div>\n<\/div>\n<\/div>\n<\/div>\n<\/div>\n<\/div>\n<\/div>\n<\/div>\n<div class=\"vc_col-sm-6 wpb_column vc_column_container \">\n<div class=\"wpb_wrapper\">\n<div class=\"vc_tta-container\" data-vc-action=\"collapseAll\">\n<div class=\"vc_general vc_tta vc_tta-accordion vc_tta-o-shape-group vc_tta-controls-align-left vc_tta-o-all-clickable\">\n<div class=\"vc_tta-panels-container\">\n<div class=\"vc_tta-panels\">\n<div id=\"1513249178942-250899d6-4a7b\" class=\"vc_tta-panel\" data-vc-content=\".vc_tta-panel-body\">\n<div class=\"vc_tta-panel-heading\">\n<h4 class=\"vc_tta-panel-title vc_tta-controls-icon-position-left\"><a href=\"#1513249178942-250899d6-4a7b\" data-vc-accordion=\"\" data-vc-container=\".vc_tta-container\"><span class=\"vc_tta-title-text\">\u00c1rea de Educaci\u00f3n<\/span><i class=\"vc_tta-controls-icon vc_tta-controls-icon-plus\"><\/i><\/a><\/h4>\n<\/div>\n<div class=\"vc_tta-panel-body\">\n<div class=\"wpb_text_column wpb_content_element \">\n<div class=\"wpb_wrapper\">\n<p class=\"bodyText2\">Los <strong>Profesionales a los que van dirigidos<\/strong> estos programas de formaci\u00f3n son:<\/p>\n<ul>\n<li class=\"bodyText2\"><strong>Personal vinculado al sector de la Educaci\u00f3n.<\/strong> Son cursos certificados y puntuables que ampl\u00edan el baremo de m\u00e9ritos de estos profesionales en las oposiciones de educaci\u00f3n tanto para infantil, primaria o secundaria.<\/li>\n<\/ul>\n<\/div>\n<\/div>\n<\/div>\n<\/div>\n<\/div>\n<\/div>\n<\/div>\n<\/div>\n<\/div>\n<\/div>\n<\/div>\n<\/div>\n<\/div>\n<\/div>\n<div id=\"gusto-1\" class=\"gusto_regular_row\">\n<div class=\"wpb_row \">\n<div class=\"small-12 columns\">\n<div class=\"prk_inner_block columns small-centered clearfix\">\n<div class=\"vc_col-sm-12 wpb_column vc_column_container \">\n<div class=\"wpb_wrapper\">\n<div id=\"gusto-183\" class=\"gusto_regular_row\">\n<div class=\"wpb_row \">\n<div class=\"small-12 columns\">\n<div class=\"prk_inner_block columns small-centered clearfix\">\n<div class=\"vc_col-sm-12 wpb_column vc_column_container \">\n<div class=\"wpb_wrapper\">\n<div class=\"wpb_raw_code wpb_content_element wpb_raw_html\">\n<div class=\"wpb_wrapper\"><iframe id=\"alto\" style=\"overflow: hidden; height: 5986px;\" title=\"Titulo\" src=\"https:\/\/www.gruposystem.com\/DATA\/listado_cursos_oferta\/#\/acreditados\" width=\"100%\" frameborder=\"0\" scrolling=\"no\"><\/iframe><\/div>\n<\/div>\n<div class=\"wpb_raw_code wpb_raw_js\">\n<div class=\"wpb_wrapper\"><script type=\"text\/javascript\"> <\/p>\n<p>  \/*setInterval(function(){ resizeIframe(alto); }, 500);*\/<\/p>\n<p>\tfunction reSize()\n\t{\n\t\ttry{\t\n\t\tvar oBody\t=\tifrm.document.body;\n\t\tvar oFrame\t=\tdocument.all(\"ifrm\");<\/p>\n<p>\t\toFrame.style.height = oBody.scrollHeight + (oBody.offsetHeight - oBody.clientHeight);\n\t\toFrame.style.width = oBody.scrollWidth + (oBody.offsetWidth - oBody.clientWidth);\n\t\t}\n\t\t\/\/An error is raised if the IFrame domain != its container's domain\n\t\tcatch(e)\n\t\t{\n\t\twindow.status =\t'Error: ' + e.number + '; ' + e.description;\n\t\t}<\/p>\n<p>\t}<\/p>\n<p>\tfunction resizeIframe(obj) {\n\t    obj.style.height = obj.contentWindow.document.body.scrollHeight + 'px';\n            console.log(\"hecho\");\n\t}<\/p>\n<p> <\/script><\/div>\n<\/div>\n<\/div>\n<\/div>\n<\/div>\n<\/div>\n<\/div>\n<\/div>\n<\/div>\n<\/div>\n<\/div>\n<\/div>\n<\/div>\n<\/div>\n<div id=\"gusto-339\" class=\"gusto_regular_row\">\n<div class=\"wpb_row \" style=\"background-color: #ddb033;\">\n<div class=\"small-12 columns\">\n<div class=\"prk_inner_block columns small-centered clearfix\">\n<div class=\"vc_col-sm-2 wpb_column vc_column_container \">\n<div class=\"wpb_wrapper\"><\/div>\n<\/div>\n<div class=\"vc_col-sm-8 wpb_column vc_column_container \">\n<div class=\"wpb_wrapper\">\n<div class=\"clearfix\" style=\"height: 50px;\"><\/div>\n<div class=\"wpb_text_column wpb_content_element \">\n<div class=\"wpb_wrapper\">\n<p style=\"text-align: center;\"><span style=\"font-size: x-large; color: #000000;\"><strong>\u00bfNecesita que le ampliemos la informaci\u00f3n sobre cursos acreditados?<\/strong><\/span><\/p>\n<p style=\"text-align: center;\"><em>Persona de contacto: Lorena Sanchez<\/em><\/p>\n<p style=\"text-align: center;\"><span style=\"font-size: x-large; color: #000000;\">966 410 717 Ext. 2<\/span><\/p>\n<p style=\"text-align: center;\"><span style=\"font-size: large;\"><a href=\"mailto:info@grupovna.com\"><span style=\"color: #000000;\">info@grupovna.com\u00a0<\/span><\/a><\/span><\/p>\n<\/div>\n<\/div>\n<div class=\"clearfix\" style=\"height: 50px;\"><\/div>\n<\/div>\n<\/div>\n<div class=\"vc_col-sm-2 wpb_column vc_column_container \">\n<div class=\"wpb_wrapper\"><\/div>\n<\/div>\n<\/div>\n<\/div>\n<\/div>\n<\/div>\n<div class=\"clearfix\"><\/div>\n<\/div>\n<\/div>\n<\/div>\n<\/div>\n<\/div>\n<\/div>\n<\/div>\n<\/div>\n","protected":false},"excerpt":{"rendered":"<p>&nbsp; Disponemos de un cat\u00e1logo de cursos online de las \u00e1reas de sanidad y educaci\u00f3n Es destacable poner de relieve que esta oferta incluye cursos que son puntuables en todo el sistema nacional de salud y para todas las comunidades aut\u00f3nomas y otros est\u00e1n certificados por la Universidad Rey Juan Carlos\u00a0v\u00e1lidos para concursos p\u00fablicos, oposiciones, &hellip; <br \/><a href=\"https:\/\/grupovna.com\/index.php\/cursos-acreditados\/\" class=\"more-link\">Continue reading <span class=\"screen-reader-text\">CURSOS ACREDITADOS<\/span><\/a><\/p>\n","protected":false},"author":1,"featured_media":0,"parent":0,"menu_order":0,"comment_status":"closed","ping_status":"closed","template":"","meta":[],"yoast_head":"<!-- This site is optimized with the Yoast SEO plugin v15.6.2 - https:\/\/yoast.com\/wordpress\/plugins\/seo\/ -->\n<title>CURSOS ACREDITADOS - GRUPO VNA LEVANTE<\/title>\n<meta name=\"robots\" content=\"index, follow, max-snippet:-1, max-image-preview:large, max-video-preview:-1\" \/>\n<link rel=\"canonical\" href=\"https:\/\/grupovna.com\/index.php\/cursos-acreditados\/\" \/>\n<meta property=\"og:locale\" content=\"es_ES\" \/>\n<meta property=\"og:type\" content=\"article\" \/>\n<meta property=\"og:title\" content=\"CURSOS ACREDITADOS - GRUPO VNA LEVANTE\" \/>\n<meta property=\"og:description\" content=\"&nbsp; Disponemos de un cat\u00e1logo de cursos online de las \u00e1reas de sanidad y educaci\u00f3n Es destacable poner de relieve que esta oferta incluye cursos que son puntuables en todo el sistema nacional de salud y para todas las comunidades aut\u00f3nomas y otros est\u00e1n certificados por la Universidad Rey Juan Carlos\u00a0v\u00e1lidos para concursos p\u00fablicos, oposiciones, &hellip; Continue reading CURSOS ACREDITADOS\" \/>\n<meta property=\"og:url\" content=\"https:\/\/grupovna.com\/index.php\/cursos-acreditados\/\" \/>\n<meta property=\"og:site_name\" content=\"GRUPO VNA LEVANTE\" \/>\n<meta property=\"article:modified_time\" content=\"2018-10-05T11:37:52+00:00\" \/>\n<meta property=\"og:image\" content=\"https:\/\/www.gruposystem.com\/wp-content\/uploads\/img_educacion2_ok.jpg\" \/>\n<meta name=\"twitter:card\" content=\"summary_large_image\" \/>\n<meta name=\"twitter:label1\" content=\"Tiempo de lectura\">\n\t<meta name=\"twitter:data1\" content=\"1 minuto\">\n<script type=\"application\/ld+json\" class=\"yoast-schema-graph\">{\"@context\":\"https:\/\/schema.org\",\"@graph\":[{\"@type\":\"WebSite\",\"@id\":\"https:\/\/grupovna.com\/#website\",\"url\":\"https:\/\/grupovna.com\/\",\"name\":\"GRUPO VNA LEVANTE\",\"description\":\"Pymes, Autonomos, Universitarios, Formaci\\u00f3n Online\",\"potentialAction\":[{\"@type\":\"SearchAction\",\"target\":\"https:\/\/grupovna.com\/?s={search_term_string}\",\"query-input\":\"required name=search_term_string\"}],\"inLanguage\":\"es\"},{\"@type\":\"ImageObject\",\"@id\":\"https:\/\/grupovna.com\/index.php\/cursos-acreditados\/#primaryimage\",\"inLanguage\":\"es\",\"url\":\"https:\/\/www.gruposystem.com\/wp-content\/uploads\/img_educacion2_ok.jpg\"},{\"@type\":\"WebPage\",\"@id\":\"https:\/\/grupovna.com\/index.php\/cursos-acreditados\/#webpage\",\"url\":\"https:\/\/grupovna.com\/index.php\/cursos-acreditados\/\",\"name\":\"CURSOS ACREDITADOS - GRUPO VNA LEVANTE\",\"isPartOf\":{\"@id\":\"https:\/\/grupovna.com\/#website\"},\"primaryImageOfPage\":{\"@id\":\"https:\/\/grupovna.com\/index.php\/cursos-acreditados\/#primaryimage\"},\"datePublished\":\"2018-10-05T11:15:48+00:00\",\"dateModified\":\"2018-10-05T11:37:52+00:00\",\"inLanguage\":\"es\",\"potentialAction\":[{\"@type\":\"ReadAction\",\"target\":[\"https:\/\/grupovna.com\/index.php\/cursos-acreditados\/\"]}]}]}<\/script>\n<!-- \/ Yoast SEO plugin. -->","_links":{"self":[{"href":"https:\/\/grupovna.com\/index.php\/wp-json\/wp\/v2\/pages\/2136"}],"collection":[{"href":"https:\/\/grupovna.com\/index.php\/wp-json\/wp\/v2\/pages"}],"about":[{"href":"https:\/\/grupovna.com\/index.php\/wp-json\/wp\/v2\/types\/page"}],"author":[{"embeddable":true,"href":"https:\/\/grupovna.com\/index.php\/wp-json\/wp\/v2\/users\/1"}],"replies":[{"embeddable":true,"href":"https:\/\/grupovna.com\/index.php\/wp-json\/wp\/v2\/comments?post=2136"}],"version-history":[{"count":4,"href":"https:\/\/grupovna.com\/index.php\/wp-json\/wp\/v2\/pages\/2136\/revisions"}],"predecessor-version":[{"id":2147,"href":"https:\/\/grupovna.com\/index.php\/wp-json\/wp\/v2\/pages\/2136\/revisions\/2147"}],"wp:attachment":[{"href":"https:\/\/grupovna.com\/index.php\/wp-json\/wp\/v2\/media?parent=2136"}],"curies":[{"name":"wp","href":"https:\/\/api.w.org\/{rel}","templated":true}]}}