{"id":2058,"date":"2018-10-04T15:45:30","date_gmt":"2018-10-04T15:45:30","guid":{"rendered":"http:\/\/grupovna.com\/?page_id=2058"},"modified":"2021-01-25T10:42:54","modified_gmt":"2021-01-25T10:42:54","slug":"aviso-legal","status":"publish","type":"page","link":"https:\/\/grupovna.com\/index.php\/aviso-legal\/","title":{"rendered":"AVISO LEGAL"},"content":{"rendered":"<p>[vc_row][vc_column][vc_column_text]En cumplimiento con el deber de informaci\u00f3n recogido en art\u00edculo 10 de la Ley 34\/2002, de 11 de julio, de Servicios de la Sociedad de la Informaci\u00f3n y del Comercio Electr\u00f3nico, a continuaci\u00f3n se reflejan los siguientes datos: la empresa titular de dominio web es Grupo VNA Levante S.L (en adelante&nbsp; Grupo VNA), con domicilio a estos efectos en Calle Olof Palme&nbsp;&nbsp;n\u00famero 17&nbsp; de C.I.F.: B42593731 inscrita en el Registro Mercantil de Alicante. Correo electr\u00f3nico de contacto: info@grupovna.com del sitio web.&nbsp;El acceso y\/o uso de este portal de Formaci\u00f3n atribuye la condici\u00f3n de USUARIO, que acepta, desde dicho acceso y\/o uso, las Condiciones Generales de Uso aqu\u00ed reflejadas.<\/p>\n<p>Las citadas Condiciones ser\u00e1n de aplicaci\u00f3n independientemente de las Condiciones Generales de Contrataci\u00f3n que en su caso resulten de obligado cumplimiento.&nbsp;http:\/\/grupovna.com&nbsp; proporciona el acceso a multitud de informaciones, servicios, programas o datos (en adelante, \u201clos contenidos\u201d) en Internet pertenecientes a Grupo VNA Levante S.L o a sus licenciantes a los que el USUARIO pueda tener acceso. El USUARIO asume la responsabilidad del uso del portal. Dicha responsabilidad se extiende al registro que fuese necesario para acceder a determinados servicios o contenidos.<br \/>\nEn dicho registro el USUARIO ser\u00e1 responsable de aportar informaci\u00f3n veraz y l\u00edcita. Como consecuencia de este registro, al USUARIO se le puede proporcionar una contrase\u00f1a de la que ser\u00e1 responsable, comprometi\u00e9ndose a hacer un uso diligente y confidencial de la misma.<\/p>\n<p>El USUARIO se compromete a hacer un uso adecuado de los contenidos y servicios (como por ejemplo servicios de chat, foros de discusi\u00f3n o grupos de noticias) que Grupo VNA Levante S.L es creadora del sitio web y ofrece a trav\u00e9s de su portal y con car\u00e1cter enunciativo pero no limitativo, a no emplearlos para (I) incurrir en actividades il\u00edcitas, ilegales o contrarias a la buena fe y al orden p\u00fablico; (II) difundir contenidos o propaganda de car\u00e1cter racista, xen\u00f3fobo, pornogr\u00e1fico-ilegal, de apolog\u00eda del terrorismo o atentatorio contra los derechos humanos; (III) provocar da\u00f1os en los sistemas f\u00edsicos y l\u00f3gicos de Nombre de la empresa creadora del sitio web , de sus proveedores o de terceras personas, introducir o difundir en la red virus inform\u00e1ticos o cualesquiera otros sistemas f\u00edsicos o l\u00f3gicos que sean susceptibles de provocar los da\u00f1os anteriormente mencionados; (IV) intentar acceder y, en su caso, utilizar las cuentas de correo electr\u00f3nico de otros usuarios y modificaro manipular sus mensajes. Nombre de la empresa creadora del sitio web se reserva el derecho de retirar todos aquellos comentarios y aportaciones que vulneren el respeto a la dignidad de la persona, que sean discriminatorios, xen\u00f3fobos, racistas, pornogr\u00e1ficos, que atenten contra la juventud o la infancia, el orden o la seguridad p\u00fablica o que, a su juicio, no resultaran adecuados para su publicaci\u00f3n. En cualquier caso, Grupo VNA Levante S.L no ser\u00e1 responsable de las opiniones vertidas por los usuarios a trav\u00e9s de los foros, chats, u otras herramientas de participaci\u00f3n.<\/p>\n<p>Grupo VNA Levante S.L cumple con las directrices de; El Reglamento (UE) 2016\/679 del Parlamento Europeo y del Consejo, de 27 de abril de 2016, relativo a la protecci\u00f3n de las personas f\u00edsicas en lo que respecta al tratamiento de datos personales y a la libre circulaci\u00f3n de estos datos y por el que se deroga la Directiva 95\/46\/CE (Reglamento general de protecci\u00f3n de datos) (DOUE L 119\/1, 04-05-2016) (en adelante, RGPD), proporciona un marco modernizado y basado en la rendici\u00f3n de cuentas para la protecci\u00f3n de los datos en Europa.<\/p>\n<p>En tal sentido, el art\u00edculo 5, apartado 2, del Reglamento (UE) 2016\/679, establece expresamente el principio de \u00abresponsabilidad proactiva\u00bb, seg\u00fan el cual el responsable del tratamiento ser\u00e1 responsable del cumplimiento (y capaz de demostrarlo) de los siguientes principios relativos al tratamiento.<\/p>\n<p>Asimismo, Grupo VNA Levante S.L informa que da cumplimiento a la Ley 34\/2002 de 11 de julio, de Servicios de la Sociedad de la Informaci\u00f3n y el Comercio Electr\u00f3nico y le solicitar\u00e1 su consentimiento al tratamiento de su correo electr\u00f3nico con fines comerciales en cada momento. Para dar de baja sus datos puede enviarnos un correo electr\u00f3nico a info@grupovna.com o una carta certificada a Calle Olof Palme 17, 03010 Alicante.<\/p>\n<p>El centro de estudios se responsabiliza de realizar un material did\u00e1ctico en base a las directrices entregadas por el cliente, pero no contempla el uso inapropiado por parte del alumno. Todos los materiales preparados por el servicio de https:\/\/grupovna.com , que sean recibidos por el Cliente son de car\u00e1cter informativo y son solamente los patrones o la base para preparar su propio trabajo o proyecto. Por lo que https:\/\/grupovna.com no viola la Ley de Propiedad Intelectual 22\/1987 y las Leyes 20\/1992; 16\/1993; 43\/1994; 27\/1995 y la 28\/1995 de la Directiva 93\/83\/CEE.[\/vc_column_text][\/vc_column][\/vc_row]<\/p>\n","protected":false},"excerpt":{"rendered":"<p>[vc_row][vc_column][vc_column_text]En cumplimiento con el deber de informaci\u00f3n recogido en art\u00edculo 10 de la Ley 34\/2002, de 11 de julio, de Servicios de la Sociedad de la Informaci\u00f3n y del Comercio Electr\u00f3nico, a continuaci\u00f3n se reflejan los siguientes datos: la empresa titular de dominio web es Grupo VNA Levante S.L (en adelante&nbsp; Grupo VNA), con domicilio &hellip; <br \/><a href=\"https:\/\/grupovna.com\/index.php\/aviso-legal\/\" class=\"more-link\">Continue reading <span class=\"screen-reader-text\">AVISO LEGAL<\/span><\/a><\/p>\n","protected":false},"author":1,"featured_media":0,"parent":0,"menu_order":0,"comment_status":"closed","ping_status":"closed","template":"","meta":[],"yoast_head":"<!-- This site is optimized with the Yoast SEO plugin v15.6.2 - https:\/\/yoast.com\/wordpress\/plugins\/seo\/ -->\n<title>AVISO LEGAL - GRUPO VNA LEVANTE<\/title>\n<meta name=\"description\" content=\"En cumplimiento con el deber de informaci\u00f3n recogido en art\u00edculo 10 de la Ley 34\/2002, de 11 de julio, de Servicios de la Sociedad de la Informaci\u00f3n y del Comercio Electr\u00f3nico, a continuaci\u00f3n se reflejan los siguientes datos: la empresa titular de dominio web es Grupo VNA Levante S.L (en adelante Grupo VNA), con domicilio a estos efectos en Calle Olof Palme n\u00famero 17 de C.I.F.: B42593731 inscrita en el Registro Mercantil de Alicante. Correo electr\u00f3nico de contacto: info@grupovna.com del sitio web. El acceso y\/o uso de este portal de Formaci\u00f3n atribuye la condici\u00f3n de USUARIO, que acepta, desde dicho acceso y\/o uso, las Condiciones Generales de Uso aqu\u00ed reflejadas.\" \/>\n<meta name=\"robots\" content=\"index, follow, max-snippet:-1, max-image-preview:large, max-video-preview:-1\" \/>\n<link rel=\"canonical\" href=\"https:\/\/grupovna.com\/index.php\/aviso-legal\/\" \/>\n<meta property=\"og:locale\" content=\"es_ES\" \/>\n<meta property=\"og:type\" content=\"article\" \/>\n<meta property=\"og:title\" content=\"AVISO LEGAL - GRUPO VNA LEVANTE\" \/>\n<meta property=\"og:description\" content=\"En cumplimiento con el deber de informaci\u00f3n recogido en art\u00edculo 10 de la Ley 34\/2002, de 11 de julio, de Servicios de la Sociedad de la Informaci\u00f3n y del Comercio Electr\u00f3nico, a continuaci\u00f3n se reflejan los siguientes datos: la empresa titular de dominio web es Grupo VNA Levante S.L (en adelante Grupo VNA), con domicilio a estos efectos en Calle Olof Palme n\u00famero 17 de C.I.F.: B42593731 inscrita en el Registro Mercantil de Alicante. Correo electr\u00f3nico de contacto: info@grupovna.com del sitio web. El acceso y\/o uso de este portal de Formaci\u00f3n atribuye la condici\u00f3n de USUARIO, que acepta, desde dicho acceso y\/o uso, las Condiciones Generales de Uso aqu\u00ed reflejadas.\" \/>\n<meta property=\"og:url\" content=\"https:\/\/grupovna.com\/index.php\/aviso-legal\/\" \/>\n<meta property=\"og:site_name\" content=\"GRUPO VNA LEVANTE\" \/>\n<meta property=\"article:modified_time\" content=\"2021-01-25T10:42:54+00:00\" \/>\n<meta name=\"twitter:card\" content=\"summary_large_image\" \/>\n<meta name=\"twitter:label1\" content=\"Tiempo de lectura\">\n\t<meta name=\"twitter:data1\" content=\"4 minutos\">\n<script type=\"application\/ld+json\" class=\"yoast-schema-graph\">{\"@context\":\"https:\/\/schema.org\",\"@graph\":[{\"@type\":\"WebSite\",\"@id\":\"https:\/\/grupovna.com\/#website\",\"url\":\"https:\/\/grupovna.com\/\",\"name\":\"GRUPO VNA LEVANTE\",\"description\":\"Pymes, Autonomos, Universitarios, Formaci\\u00f3n Online\",\"potentialAction\":[{\"@type\":\"SearchAction\",\"target\":\"https:\/\/grupovna.com\/?s={search_term_string}\",\"query-input\":\"required name=search_term_string\"}],\"inLanguage\":\"es\"},{\"@type\":\"WebPage\",\"@id\":\"https:\/\/grupovna.com\/index.php\/aviso-legal\/#webpage\",\"url\":\"https:\/\/grupovna.com\/index.php\/aviso-legal\/\",\"name\":\"AVISO LEGAL - GRUPO VNA LEVANTE\",\"isPartOf\":{\"@id\":\"https:\/\/grupovna.com\/#website\"},\"datePublished\":\"2018-10-04T15:45:30+00:00\",\"dateModified\":\"2021-01-25T10:42:54+00:00\",\"description\":\"En cumplimiento con el deber de informaci\\u00f3n recogido en art\\u00edculo 10 de la Ley 34\/2002, de 11 de julio, de Servicios de la Sociedad de la Informaci\\u00f3n y del Comercio Electr\\u00f3nico, a continuaci\\u00f3n se reflejan los siguientes datos: la empresa titular de dominio web es Grupo VNA Levante S.L (en adelante Grupo VNA), con domicilio a estos efectos en Calle Olof Palme n\\u00famero 17 de C.I.F.: B42593731 inscrita en el Registro Mercantil de Alicante. Correo electr\\u00f3nico de contacto: info@grupovna.com del sitio web. El acceso y\/o uso de este portal de Formaci\\u00f3n atribuye la condici\\u00f3n de USUARIO, que acepta, desde dicho acceso y\/o uso, las Condiciones Generales de Uso aqu\\u00ed reflejadas.\",\"inLanguage\":\"es\",\"potentialAction\":[{\"@type\":\"ReadAction\",\"target\":[\"https:\/\/grupovna.com\/index.php\/aviso-legal\/\"]}]}]}<\/script>\n<!-- \/ Yoast SEO plugin. -->","_links":{"self":[{"href":"https:\/\/grupovna.com\/index.php\/wp-json\/wp\/v2\/pages\/2058"}],"collection":[{"href":"https:\/\/grupovna.com\/index.php\/wp-json\/wp\/v2\/pages"}],"about":[{"href":"https:\/\/grupovna.com\/index.php\/wp-json\/wp\/v2\/types\/page"}],"author":[{"embeddable":true,"href":"https:\/\/grupovna.com\/index.php\/wp-json\/wp\/v2\/users\/1"}],"replies":[{"embeddable":true,"href":"https:\/\/grupovna.com\/index.php\/wp-json\/wp\/v2\/comments?post=2058"}],"version-history":[{"count":4,"href":"https:\/\/grupovna.com\/index.php\/wp-json\/wp\/v2\/pages\/2058\/revisions"}],"predecessor-version":[{"id":2627,"href":"https:\/\/grupovna.com\/index.php\/wp-json\/wp\/v2\/pages\/2058\/revisions\/2627"}],"wp:attachment":[{"href":"https:\/\/grupovna.com\/index.php\/wp-json\/wp\/v2\/media?parent=2058"}],"curies":[{"name":"wp","href":"https:\/\/api.w.org\/{rel}","templated":true}]}}