{"id":2032,"date":"2018-10-04T12:08:36","date_gmt":"2018-10-04T12:08:36","guid":{"rendered":"http:\/\/grupovna.com\/?page_id=2032"},"modified":"2021-01-25T10:37:56","modified_gmt":"2021-01-25T10:37:56","slug":"cursos-presenciales","status":"publish","type":"page","link":"https:\/\/grupovna.com\/index.php\/cursos-presenciales\/","title":{"rendered":"CURSOS PRESENCIALES"},"content":{"rendered":"<h2>Formaci\u00f3n<\/h2>\n<div class=\"contenido_texto\">\n<p>Dentro del Concierto de Prevenci\u00f3n de Riesgos Laborales, se incluye una Formaci\u00f3n e Informaci\u00f3n a los trabajadores, suficiente y adecuada en materia preventiva, en relaci\u00f3n al puesto de trabajo, impartida en nuestras instalaciones en calendario formativo elaborado por&nbsp;<strong>GRUPO VNA LEVANTE<\/strong>&nbsp;o en las instalaciones de la empresa,&nbsp;destinada a trabajadores y\/o empresarios para los diferentes puestos de trabajo o a medida de las necesidades de su empresa.<\/p>\n<p>Conscientes de las necesidades de cada empresa ofrecemos acciones formativas diversas, quedando supeditadas en cuanto a objetivo, contenido, metodolog\u00eda, documentaci\u00f3n y desarrollo (duraci\u00f3n, fechas, horario, e idioma etc.), de mutuo acuerdo con la empresa cliente, adapt\u00e1ndolas a la disponibilidad y posibilidades de cada Empresa.<\/p>\n<p>Estos cursos pueden salir gratis a las empresas mediante el sistema de<strong>&nbsp;Bonificaci\u00f3n&nbsp;<\/strong>del importe de los cursos en los Seguros Sociales tramit\u00e1ndolo a trav\u00e9s de la Fundaci\u00f3n Tripartita.<\/p>\n<p><em><strong>A continuaci\u00f3n le indicamos algunos cursos que ofrecemos:<\/strong><\/em><\/p>\n<h3>Gen\u00e9ricos<\/h3>\n<p>\u2022&nbsp;<strong>Curso b\u00e1sico de PRL&nbsp;<\/strong>(30 Horas)<br \/>\n\u2022 Manejo seguro de Carretillas Elevadoras<br \/>\n\u2022 Primeros Auxilios<br \/>\n\u2022 Ergonom\u00eda<br \/>\n\u2022 Psicosociolog\u00eda<br \/>\n\u2022 Manipulaci\u00f3n Manual de Cargas<br \/>\n\u2022 Medidas de Emergencia y Evacuaci\u00f3n destinados a la implantaci\u00f3n del Manual de Autoprotecci\u00f3n en su empresa.<br \/>\n\u2022 Curso para Equipos de primera y Segunda Intervenci\u00f3n.<br \/>\n\u2022 Formaci\u00f3n sobre&nbsp;<strong>Seguridad Vial&nbsp;<\/strong>en la Empresa.<\/p>\n<h3>\nEspec\u00edficos<\/h3>\n<h4>SECTOR COMERCIO Y SERVICIOS<\/h4>\n<p>\u2022&nbsp;<strong>Curso b\u00e1sico de PRL&nbsp;<\/strong>(30 horas).<br \/>\n\u2022 Curso b\u00e1sico de PRL de almacenes.<br \/>\n\u2022 Prevenci\u00f3n de incendios.<br \/>\n\u2022 Primeros auxilios.<br \/>\n\u2022 Ergonom\u00eda y psicosociolog\u00eda.<br \/>\n\u2022 PRL en comercio.<\/p>\n<p>\uf05f\uf020<strong><u>CARNICER\u00cdAS &#8211; CHARCUTER\u00cdAS<\/u><\/strong>:<br \/>\n\u2022 PRL espec\u00edficos del trabajo de carniceros.<br \/>\n\u2022 PRL espec\u00edficos del trabajo de charcuteros.<\/p>\n<p>\uf05f\uf020<u><strong>COMUNIDADES DE PROPIETARIOS<\/strong><\/u>:<br \/>\n\u2022 PRL en las comunidades de propietarios.<br \/>\n\u2022 PRL espec\u00edficos del trabajo de portero de fincas.<\/p>\n<p>\uf05f\uf020<u><strong>CONSTRUCCI\u00d3N<\/strong><\/u>:<br \/>\n\u2022 PRL para aparejadores, arquitectos e ingenieros.<br \/>\n\u2022 PRL espec\u00edficos del trabajo de gruista.<br \/>\n\u2022 Prevenci\u00f3n y seguridad en trabajos verticales.<br \/>\n\u2022 Riesgos derivados de atm\u00f3sferas explosivas.<\/p>\n<p>\uf05f\uf020<u><strong>EDUCACI\u00d3N<\/strong><\/u>:<br \/>\n\u2022 PRL en los centros infantiles.<\/p>\n<p>\uf05f\uf020<u><strong>INFORM\u00c1TICA<\/strong><\/u>:<br \/>\n\u2022 PRL espec\u00edficos del trabajo del personal inform\u00e1tico.<\/p>\n<p>\uf05f\uf020<u><strong>LIMPIEZA<\/strong><\/u>:<br \/>\n\u2022 PRL en empresas de limpieza.<br \/>\n\u2022 PRL espec\u00edficos del trabajo de limpiadores.<br \/>\n\u2022 PRL espec\u00edficos del trabajo de asistentes a domicilio.<\/p>\n<p>\uf05f\uf020<u><strong>PELUQUER\u00cdA Y EST\u00c9TICA<\/strong><\/u>:<br \/>\n\u2022 PRL en peluquer\u00eda y est\u00e9tica.<br \/>\n\u2022 PRL en empresas de perfumer\u00eda y cosm\u00e9tica.<\/p>\n<p>\uf05f\uf020<u><strong>REPARTIDORES<\/strong><\/u>:<br \/>\n\u2022 PRL espec\u00edficos del trabajo de repartidor.<\/p>\n<p>\uf05f\uf020<u><strong>PANADER\u00cdA<\/strong><\/u>:<br \/>\n\u2022 PRL espec\u00edficos del trabajo de panaderos.<\/p>\n<p>\uf05f\uf020<u><strong>PESCADER\u00cdA<\/strong><\/u>:<br \/>\n\u2022 PRL espec\u00edficos del trabajo de pescaderos.<br \/>\n\uf05f\uf020<u><strong>MEDICINA<\/strong><\/u>:<br \/>\n\u2022 PRL en oficinas de farmacia.<br \/>\n\u2022 PRL para auxiliares de farmacia.<br \/>\n\u2022 PRL para celadores.<br \/>\n\u2022 PRL en empresas qu\u00edmicas.<br \/>\n\u2022 PRL en cl\u00ednicas dentales.<br \/>\n\u2022 Organizaci\u00f3n, gesti\u00f3n y PRL en el medio sanitario.<br \/>\n\u2022 PRL y gesti\u00f3n medioambiental en cl\u00ednicas veterinarias.<\/p>\n<p>\uf05f\uf020<u><strong>OTROS<\/strong><\/u>:<br \/>\n\u2022 Obligaci\u00f3n del empresario en la normativa de PRL.<br \/>\n\u2022 Seguridad del producto: gu\u00eda del fabricante y empresario.<br \/>\n\u2022 PRL en oficinas y despachos.<br \/>\n\u2022 PRL espec\u00edficos del trabajo de dependientes.<br \/>\n\u2022 PRL para operarios de carretillas elevadoras.<br \/>\n\u2022 PRL de los trabajadores especialmente sensibles.<br \/>\n\u2022 PRL espec\u00edficos del trabajo con pantallas de visualizaci\u00f3n de datos.<br \/>\n\u2022 PRL espec\u00edficos del trabajo de personal de caja.<br \/>\n&nbsp;<\/p>\n<h4>SECTOR AGR\u00cdCOLA<\/h4>\n<p>\u2022&nbsp;<strong>Curso b\u00e1sico de PRL<\/strong>&nbsp;(30 horas).<br \/>\n\u2022 Curso b\u00e1sico de PRL de almacenes.<br \/>\n\u2022 Prevenci\u00f3n de incendios.<br \/>\n\u2022 Primeros auxilios.<br \/>\n\u2022 Ergonom\u00eda y psicosociolog\u00eda.<br \/>\n\u2022 Manipulaci\u00f3n manual de cargas.<br \/>\n\u2022 PRL en el sector agrario.<br \/>\n\u2022 PRL para operarios de carretillas elevadoras.<br \/>\n\u2022 PRL espec\u00edficos del trabajo en c\u00e1maras frigor\u00edficas.<br \/>\n\u2022 PRL espec\u00edficos del trabajo en una comunidad de<br \/>\nregantes.<br \/>\n\u2022 PRL espec\u00edficos del trabajo en bodegas y cooperativas<br \/>\nvin\u00edcolas.<br \/>\n\u2022 Obligaci\u00f3n del empresario en la normativa de PRL.<br \/>\n\u2022 Seguridad del producto: gu\u00eda del fabricante y<br \/>\nempresario.<br \/>\n\u2022 PRL de los trabajadores especialmente sensibles.<\/p>\n<h4>HOSTELER\u00cdA<\/h4>\n<p>\u2022&nbsp;<strong>Curso b\u00e1sico de PRL&nbsp;<\/strong>(30 horas).<br \/>\n\u2022 Curso b\u00e1sico de PRL de almacenes.<br \/>\n\u2022 Prevenci\u00f3n de incendios.<br \/>\n\u2022 Primeros auxilios.<br \/>\n\u2022 Ergonom\u00eda y psicosociolog\u00eda.<br \/>\n\u2022 Manipulaci\u00f3n manual de cargas.<br \/>\n\u2022 PRL en hosteler\u00eda.<br \/>\n\u2022 PRL espec\u00edficos del trabajo en bodegas y cooperativas<br \/>\nvin\u00edcolas.<br \/>\n\u2022 PRL espec\u00edficos del trabajo de panaderos.<\/p>\n<h4>TRANSPORTE POR CARRETERA<\/h4>\n<p><strong>Curso b\u00e1sico de PRL<\/strong>&nbsp;(30 horas).<br \/>\n\u2022 Curso b\u00e1sico de PRL de almacenes.<br \/>\n\u2022 Prevenci\u00f3n de incendios.<br \/>\n\u2022 Primeros auxilios.<br \/>\n\u2022 Ergonom\u00eda y psicosociolog\u00eda.<br \/>\n\u2022 Manipulaci\u00f3n manual de cargas.<br \/>\n\u2022 PRL para operarios de carretillas elevadoras.<br \/>\n\u2022 PRL en estaciones de servicios.<br \/>\n\u2022 PRL en transporte de mercanc\u00edas por carretera.<br \/>\n\u2022 PRL en talleres de reparaci\u00f3n de autom\u00f3viles.<br \/>\n\u2022 PRL en empresas de transporte de personas por carretera.<br \/>\n\u2022 PRL espec\u00edficos del trabajo de conductor.<br \/>\n\u2022 PRL espec\u00edficos del trabajo de conductores mec\u00e1nicos.<br \/>\n\u2022 PRL espec\u00edficos del trabajo en gasolineras con taller de ruedas.<\/p>\n<\/div>\n","protected":false},"excerpt":{"rendered":"<p>Formaci\u00f3n Dentro del Concierto de Prevenci\u00f3n de Riesgos Laborales, se incluye una Formaci\u00f3n e Informaci\u00f3n a los trabajadores, suficiente y adecuada en materia preventiva, en relaci\u00f3n al puesto de trabajo, impartida en nuestras instalaciones en calendario formativo elaborado por&nbsp;GRUPO VNA LEVANTE&nbsp;o en las instalaciones de la empresa,&nbsp;destinada a trabajadores y\/o empresarios para los diferentes puestos &hellip; <br \/><a href=\"https:\/\/grupovna.com\/index.php\/cursos-presenciales\/\" class=\"more-link\">Continue reading <span class=\"screen-reader-text\">CURSOS PRESENCIALES<\/span><\/a><\/p>\n","protected":false},"author":1,"featured_media":0,"parent":0,"menu_order":0,"comment_status":"closed","ping_status":"closed","template":"","meta":[],"yoast_head":"<!-- This site is optimized with the Yoast SEO plugin v15.6.2 - https:\/\/yoast.com\/wordpress\/plugins\/seo\/ -->\n<title>CURSOS PRESENCIALES - GRUPO VNA LEVANTE<\/title>\n<meta name=\"description\" content=\"Dentro del Concierto de Prevenci\u00f3n de Riesgos Laborales, se incluye una Formaci\u00f3n e Informaci\u00f3n a los trabajadores, suficiente y adecuada en materia preventiva, en relaci\u00f3n al puesto de trabajo, impartida en nuestras instalaciones en calendario formativo elaborado por GRUPO VNA LEVANTE o en las instalaciones de la empresa, destinada a trabajadores y\/o empresarios para los diferentes puestos de trabajo o a medida de las necesidades de su empresa.\" \/>\n<meta name=\"robots\" content=\"index, follow, max-snippet:-1, max-image-preview:large, max-video-preview:-1\" \/>\n<link rel=\"canonical\" href=\"https:\/\/grupovna.com\/index.php\/cursos-presenciales\/\" \/>\n<meta property=\"og:locale\" content=\"es_ES\" \/>\n<meta property=\"og:type\" content=\"article\" \/>\n<meta property=\"og:title\" content=\"CURSOS PRESENCIALES - GRUPO VNA LEVANTE\" \/>\n<meta property=\"og:description\" content=\"Dentro del Concierto de Prevenci\u00f3n de Riesgos Laborales, se incluye una Formaci\u00f3n e Informaci\u00f3n a los trabajadores, suficiente y adecuada en materia preventiva, en relaci\u00f3n al puesto de trabajo, impartida en nuestras instalaciones en calendario formativo elaborado por GRUPO VNA LEVANTE o en las instalaciones de la empresa, destinada a trabajadores y\/o empresarios para los diferentes puestos de trabajo o a medida de las necesidades de su empresa.\" \/>\n<meta property=\"og:url\" content=\"https:\/\/grupovna.com\/index.php\/cursos-presenciales\/\" \/>\n<meta property=\"og:site_name\" content=\"GRUPO VNA LEVANTE\" \/>\n<meta property=\"article:modified_time\" content=\"2021-01-25T10:37:56+00:00\" \/>\n<meta name=\"twitter:card\" content=\"summary_large_image\" \/>\n<meta name=\"twitter:label1\" content=\"Tiempo de lectura\">\n\t<meta name=\"twitter:data1\" content=\"4 minutos\">\n<script type=\"application\/ld+json\" class=\"yoast-schema-graph\">{\"@context\":\"https:\/\/schema.org\",\"@graph\":[{\"@type\":\"WebSite\",\"@id\":\"https:\/\/grupovna.com\/#website\",\"url\":\"https:\/\/grupovna.com\/\",\"name\":\"GRUPO VNA LEVANTE\",\"description\":\"Pymes, Autonomos, Universitarios, Formaci\\u00f3n Online\",\"potentialAction\":[{\"@type\":\"SearchAction\",\"target\":\"https:\/\/grupovna.com\/?s={search_term_string}\",\"query-input\":\"required name=search_term_string\"}],\"inLanguage\":\"es\"},{\"@type\":\"WebPage\",\"@id\":\"https:\/\/grupovna.com\/index.php\/cursos-presenciales\/#webpage\",\"url\":\"https:\/\/grupovna.com\/index.php\/cursos-presenciales\/\",\"name\":\"CURSOS PRESENCIALES - GRUPO VNA LEVANTE\",\"isPartOf\":{\"@id\":\"https:\/\/grupovna.com\/#website\"},\"datePublished\":\"2018-10-04T12:08:36+00:00\",\"dateModified\":\"2021-01-25T10:37:56+00:00\",\"description\":\"Dentro del Concierto de Prevenci\\u00f3n de Riesgos Laborales, se incluye una Formaci\\u00f3n e Informaci\\u00f3n a los trabajadores, suficiente y adecuada en materia preventiva, en relaci\\u00f3n al puesto de trabajo, impartida en nuestras instalaciones en calendario formativo elaborado por GRUPO VNA LEVANTE o en las instalaciones de la empresa, destinada a trabajadores y\/o empresarios para los diferentes puestos de trabajo o a medida de las necesidades de su empresa.\",\"inLanguage\":\"es\",\"potentialAction\":[{\"@type\":\"ReadAction\",\"target\":[\"https:\/\/grupovna.com\/index.php\/cursos-presenciales\/\"]}]}]}<\/script>\n<!-- \/ Yoast SEO plugin. -->","_links":{"self":[{"href":"https:\/\/grupovna.com\/index.php\/wp-json\/wp\/v2\/pages\/2032"}],"collection":[{"href":"https:\/\/grupovna.com\/index.php\/wp-json\/wp\/v2\/pages"}],"about":[{"href":"https:\/\/grupovna.com\/index.php\/wp-json\/wp\/v2\/types\/page"}],"author":[{"embeddable":true,"href":"https:\/\/grupovna.com\/index.php\/wp-json\/wp\/v2\/users\/1"}],"replies":[{"embeddable":true,"href":"https:\/\/grupovna.com\/index.php\/wp-json\/wp\/v2\/comments?post=2032"}],"version-history":[{"count":4,"href":"https:\/\/grupovna.com\/index.php\/wp-json\/wp\/v2\/pages\/2032\/revisions"}],"predecessor-version":[{"id":2623,"href":"https:\/\/grupovna.com\/index.php\/wp-json\/wp\/v2\/pages\/2032\/revisions\/2623"}],"wp:attachment":[{"href":"https:\/\/grupovna.com\/index.php\/wp-json\/wp\/v2\/media?parent=2032"}],"curies":[{"name":"wp","href":"https:\/\/api.w.org\/{rel}","templated":true}]}}